{"id":950,"date":"2017-11-14T20:09:54","date_gmt":"2017-11-14T19:09:54","guid":{"rendered":"https:\/\/conexbooks.de\/a\/shop\/wp\/produkt\/wo-lehren-ein-vergnuegen-ist-und-lernen-eine-freude-von-nancy-sokol-green\/"},"modified":"2024-10-21T13:47:28","modified_gmt":"2024-10-21T11:47:28","slug":"wo-lehren-ein-vergnuegen-ist-und-lernen-eine-freude-von-nancy-sokol-green","status":"publish","type":"product","link":"https:\/\/conexbooks.de\/a\/shop\/produkt\/wo-lehren-ein-vergnuegen-ist-und-lernen-eine-freude-von-nancy-sokol-green\/","title":{"rendered":"Giraffen &#8211; Klassenzimmer"},"content":{"rendered":"<h3>Das Giraffen &#8211; Klassenzimmer<\/h3>\n<h4>Nancy Sokol-Green<\/h4>\n<p>Ein Handbuch zur Unterrichtsvorbereitung und Durchf\u00fchrung mit zahlreichen aufbereiteten \u00dcbungen und anschaulichen Beispielen, die das Erlernen der Giraffensprache in der Schule erm\u00f6glichen.<\/p>\n<p>Die Beispiele beschreiben den amerikanischen Schulalltag und sind als Anregungen f\u00fcr die Gestaltung von Unterrichtsstunden nach den Prinzipien der Gewaltfreien Kommunikation unter deutschen Verh\u00e4ltnissen f\u00fcr fast alle Unterrichtsf\u00e4cher und alle Klassenstufen gedacht.<\/p>\n","protected":false},"excerpt":{"rendered":"<h3>Nancy Sokol-Green<\/h3>\n<p>Wo Lehren ein Vergn\u00fcgen ist und Lernen eine Freude.<\/p>\n<p>Ein Arbeitsbuch f\u00fcr Lehrer und P\u00e4dagogen<\/p>\n<p>120 Seiten, Ringbindung A4<\/p>\n","protected":false},"featured_media":1807,"template":"","meta":[],"product_brand":[],"product_cat":[36,41],"product_tag":[105,229,565,575,576,577,59],"class_list":{"0":"post-950","1":"product","2":"type-product","3":"status-publish","4":"has-post-thumbnail","6":"product_cat-deutsche-buecher","7":"product_cat-schule-kita","8":"product_tag-erziehung","9":"product_tag-anwendung-der-gfk","10":"product_tag-gfk-in-der-schule","11":"product_tag-lehrplanergaenzung","12":"product_tag-schulprojekt","13":"product_tag-lehrer","14":"product_tag-schule","16":"first","17":"instock","18":"shipping-taxable","19":"purchasable","20":"product-type-simple"},"yoast_head":"<!-- This site is optimized with the Yoast SEO plugin v27.6 - https:\/\/yoast.com\/product\/yoast-seo-wordpress\/ -->\n<title>Giraffen - Klassenzimmer - Conex-Shop<\/title>\n<meta name=\"robots\" content=\"index, follow, max-snippet:-1, max-image-preview:large, max-video-preview:-1\" \/>\n<link rel=\"canonical\" href=\"https:\/\/conexbooks.de\/a\/shop\/produkt\/wo-lehren-ein-vergnuegen-ist-und-lernen-eine-freude-von-nancy-sokol-green\/\" \/>\n<meta property=\"og:locale\" content=\"de_DE\" \/>\n<meta property=\"og:type\" content=\"article\" \/>\n<meta property=\"og:title\" content=\"Giraffen - Klassenzimmer - Conex-Shop\" \/>\n<meta property=\"og:description\" content=\"Nancy Sokol-Green Wo Lehren ein Vergn\u00fcgen ist und Lernen eine Freude.  Ein Arbeitsbuch f\u00fcr Lehrer und P\u00e4dagogen  120 Seiten, Ringbindung A4\" \/>\n<meta property=\"og:url\" content=\"https:\/\/conexbooks.de\/a\/shop\/produkt\/wo-lehren-ein-vergnuegen-ist-und-lernen-eine-freude-von-nancy-sokol-green\/\" \/>\n<meta property=\"og:site_name\" content=\"Conex-Shop\" \/>\n<meta property=\"article:modified_time\" content=\"2024-10-21T11:47:28+00:00\" \/>\n<meta property=\"og:image\" content=\"https:\/\/conexbooks.de\/a\/shop\/wp-content\/uploads\/2017\/12\/002.jpg\" \/>\n\t<meta property=\"og:image:width\" content=\"278\" \/>\n\t<meta property=\"og:image:height\" content=\"400\" \/>\n\t<meta property=\"og:image:type\" content=\"image\/jpeg\" \/>\n<meta name=\"twitter:card\" content=\"summary_large_image\" \/>\n<meta name=\"twitter:label1\" content=\"Gesch\u00e4tzte Lesezeit\" \/>\n\t<meta name=\"twitter:data1\" content=\"1\u00a0Minute\" \/>\n<script type=\"application\/ld+json\" class=\"yoast-schema-graph\">{\"@context\":\"https:\\\/\\\/schema.org\",\"@graph\":[{\"@type\":\"WebPage\",\"@id\":\"https:\\\/\\\/conexbooks.de\\\/a\\\/shop\\\/produkt\\\/wo-lehren-ein-vergnuegen-ist-und-lernen-eine-freude-von-nancy-sokol-green\\\/\",\"url\":\"https:\\\/\\\/conexbooks.de\\\/a\\\/shop\\\/produkt\\\/wo-lehren-ein-vergnuegen-ist-und-lernen-eine-freude-von-nancy-sokol-green\\\/\",\"name\":\"Giraffen - Klassenzimmer - Conex-Shop\",\"isPartOf\":{\"@id\":\"https:\\\/\\\/conexbooks.de\\\/a\\\/shop\\\/#website\"},\"primaryImageOfPage\":{\"@id\":\"https:\\\/\\\/conexbooks.de\\\/a\\\/shop\\\/produkt\\\/wo-lehren-ein-vergnuegen-ist-und-lernen-eine-freude-von-nancy-sokol-green\\\/#primaryimage\"},\"image\":{\"@id\":\"https:\\\/\\\/conexbooks.de\\\/a\\\/shop\\\/produkt\\\/wo-lehren-ein-vergnuegen-ist-und-lernen-eine-freude-von-nancy-sokol-green\\\/#primaryimage\"},\"thumbnailUrl\":\"https:\\\/\\\/conexbooks.de\\\/a\\\/shop\\\/wp-content\\\/uploads\\\/2017\\\/12\\\/002.jpg\",\"datePublished\":\"2017-11-14T19:09:54+00:00\",\"dateModified\":\"2024-10-21T11:47:28+00:00\",\"breadcrumb\":{\"@id\":\"https:\\\/\\\/conexbooks.de\\\/a\\\/shop\\\/produkt\\\/wo-lehren-ein-vergnuegen-ist-und-lernen-eine-freude-von-nancy-sokol-green\\\/#breadcrumb\"},\"inLanguage\":\"de\",\"potentialAction\":[{\"@type\":\"ReadAction\",\"target\":[\"https:\\\/\\\/conexbooks.de\\\/a\\\/shop\\\/produkt\\\/wo-lehren-ein-vergnuegen-ist-und-lernen-eine-freude-von-nancy-sokol-green\\\/\"]}]},{\"@type\":\"ImageObject\",\"inLanguage\":\"de\",\"@id\":\"https:\\\/\\\/conexbooks.de\\\/a\\\/shop\\\/produkt\\\/wo-lehren-ein-vergnuegen-ist-und-lernen-eine-freude-von-nancy-sokol-green\\\/#primaryimage\",\"url\":\"https:\\\/\\\/conexbooks.de\\\/a\\\/shop\\\/wp-content\\\/uploads\\\/2017\\\/12\\\/002.jpg\",\"contentUrl\":\"https:\\\/\\\/conexbooks.de\\\/a\\\/shop\\\/wp-content\\\/uploads\\\/2017\\\/12\\\/002.jpg\",\"width\":278,\"height\":400},{\"@type\":\"BreadcrumbList\",\"@id\":\"https:\\\/\\\/conexbooks.de\\\/a\\\/shop\\\/produkt\\\/wo-lehren-ein-vergnuegen-ist-und-lernen-eine-freude-von-nancy-sokol-green\\\/#breadcrumb\",\"itemListElement\":[{\"@type\":\"ListItem\",\"position\":1,\"name\":\"Home\",\"item\":\"https:\\\/\\\/conexbooks.de\\\/a\\\/shop\\\/\"},{\"@type\":\"ListItem\",\"position\":2,\"name\":\"Shop\",\"item\":\"https:\\\/\\\/conexbooks.de\\\/a\\\/shop\\\/shop\\\/\"},{\"@type\":\"ListItem\",\"position\":3,\"name\":\"Giraffen &#8211; Klassenzimmer\"}]},{\"@type\":\"WebSite\",\"@id\":\"https:\\\/\\\/conexbooks.de\\\/a\\\/shop\\\/#website\",\"url\":\"https:\\\/\\\/conexbooks.de\\\/a\\\/shop\\\/\",\"name\":\"Conex-Shop\",\"description\":\"Alles f\u00fcr die gewaltfreie Kommunikation: B\u00fccher, Spiele. Handpuppen Seminarmaterial und Geschenke\",\"publisher\":{\"@id\":\"https:\\\/\\\/conexbooks.de\\\/a\\\/shop\\\/#organization\"},\"potentialAction\":[{\"@type\":\"SearchAction\",\"target\":{\"@type\":\"EntryPoint\",\"urlTemplate\":\"https:\\\/\\\/conexbooks.de\\\/a\\\/shop\\\/?s={search_term_string}\"},\"query-input\":{\"@type\":\"PropertyValueSpecification\",\"valueRequired\":true,\"valueName\":\"search_term_string\"}}],\"inLanguage\":\"de\"},{\"@type\":\"Organization\",\"@id\":\"https:\\\/\\\/conexbooks.de\\\/a\\\/shop\\\/#organization\",\"name\":\"Conex - books and more\",\"url\":\"https:\\\/\\\/conexbooks.de\\\/a\\\/shop\\\/\",\"logo\":{\"@type\":\"ImageObject\",\"inLanguage\":\"de\",\"@id\":\"https:\\\/\\\/conexbooks.de\\\/a\\\/shop\\\/#\\\/schema\\\/logo\\\/image\\\/\",\"url\":\"https:\\\/\\\/conexbooks.de\\\/a\\\/shop\\\/wp-content\\\/uploads\\\/2017\\\/12\\\/co-logo.png\",\"contentUrl\":\"https:\\\/\\\/conexbooks.de\\\/a\\\/shop\\\/wp-content\\\/uploads\\\/2017\\\/12\\\/co-logo.png\",\"width\":243,\"height\":122,\"caption\":\"Conex - books and more\"},\"image\":{\"@id\":\"https:\\\/\\\/conexbooks.de\\\/a\\\/shop\\\/#\\\/schema\\\/logo\\\/image\\\/\"}}]}<\/script>\n<!-- \/ Yoast SEO plugin. -->","yoast_head_json":{"title":"Giraffen - Klassenzimmer - Conex-Shop","robots":{"index":"index","follow":"follow","max-snippet":"max-snippet:-1","max-image-preview":"max-image-preview:large","max-video-preview":"max-video-preview:-1"},"canonical":"https:\/\/conexbooks.de\/a\/shop\/produkt\/wo-lehren-ein-vergnuegen-ist-und-lernen-eine-freude-von-nancy-sokol-green\/","og_locale":"de_DE","og_type":"article","og_title":"Giraffen - Klassenzimmer - Conex-Shop","og_description":"Nancy Sokol-Green Wo Lehren ein Vergn\u00fcgen ist und Lernen eine Freude.  Ein Arbeitsbuch f\u00fcr Lehrer und P\u00e4dagogen  120 Seiten, Ringbindung A4","og_url":"https:\/\/conexbooks.de\/a\/shop\/produkt\/wo-lehren-ein-vergnuegen-ist-und-lernen-eine-freude-von-nancy-sokol-green\/","og_site_name":"Conex-Shop","article_modified_time":"2024-10-21T11:47:28+00:00","og_image":[{"width":278,"height":400,"url":"https:\/\/conexbooks.de\/a\/shop\/wp-content\/uploads\/2017\/12\/002.jpg","type":"image\/jpeg"}],"twitter_card":"summary_large_image","twitter_misc":{"Gesch\u00e4tzte Lesezeit":"1\u00a0Minute"},"schema":{"@context":"https:\/\/schema.org","@graph":[{"@type":"WebPage","@id":"https:\/\/conexbooks.de\/a\/shop\/produkt\/wo-lehren-ein-vergnuegen-ist-und-lernen-eine-freude-von-nancy-sokol-green\/","url":"https:\/\/conexbooks.de\/a\/shop\/produkt\/wo-lehren-ein-vergnuegen-ist-und-lernen-eine-freude-von-nancy-sokol-green\/","name":"Giraffen - Klassenzimmer - Conex-Shop","isPartOf":{"@id":"https:\/\/conexbooks.de\/a\/shop\/#website"},"primaryImageOfPage":{"@id":"https:\/\/conexbooks.de\/a\/shop\/produkt\/wo-lehren-ein-vergnuegen-ist-und-lernen-eine-freude-von-nancy-sokol-green\/#primaryimage"},"image":{"@id":"https:\/\/conexbooks.de\/a\/shop\/produkt\/wo-lehren-ein-vergnuegen-ist-und-lernen-eine-freude-von-nancy-sokol-green\/#primaryimage"},"thumbnailUrl":"https:\/\/conexbooks.de\/a\/shop\/wp-content\/uploads\/2017\/12\/002.jpg","datePublished":"2017-11-14T19:09:54+00:00","dateModified":"2024-10-21T11:47:28+00:00","breadcrumb":{"@id":"https:\/\/conexbooks.de\/a\/shop\/produkt\/wo-lehren-ein-vergnuegen-ist-und-lernen-eine-freude-von-nancy-sokol-green\/#breadcrumb"},"inLanguage":"de","potentialAction":[{"@type":"ReadAction","target":["https:\/\/conexbooks.de\/a\/shop\/produkt\/wo-lehren-ein-vergnuegen-ist-und-lernen-eine-freude-von-nancy-sokol-green\/"]}]},{"@type":"ImageObject","inLanguage":"de","@id":"https:\/\/conexbooks.de\/a\/shop\/produkt\/wo-lehren-ein-vergnuegen-ist-und-lernen-eine-freude-von-nancy-sokol-green\/#primaryimage","url":"https:\/\/conexbooks.de\/a\/shop\/wp-content\/uploads\/2017\/12\/002.jpg","contentUrl":"https:\/\/conexbooks.de\/a\/shop\/wp-content\/uploads\/2017\/12\/002.jpg","width":278,"height":400},{"@type":"BreadcrumbList","@id":"https:\/\/conexbooks.de\/a\/shop\/produkt\/wo-lehren-ein-vergnuegen-ist-und-lernen-eine-freude-von-nancy-sokol-green\/#breadcrumb","itemListElement":[{"@type":"ListItem","position":1,"name":"Home","item":"https:\/\/conexbooks.de\/a\/shop\/"},{"@type":"ListItem","position":2,"name":"Shop","item":"https:\/\/conexbooks.de\/a\/shop\/shop\/"},{"@type":"ListItem","position":3,"name":"Giraffen &#8211; Klassenzimmer"}]},{"@type":"WebSite","@id":"https:\/\/conexbooks.de\/a\/shop\/#website","url":"https:\/\/conexbooks.de\/a\/shop\/","name":"Conex-Shop","description":"Alles f\u00fcr die gewaltfreie Kommunikation: B\u00fccher, Spiele. Handpuppen Seminarmaterial und Geschenke","publisher":{"@id":"https:\/\/conexbooks.de\/a\/shop\/#organization"},"potentialAction":[{"@type":"SearchAction","target":{"@type":"EntryPoint","urlTemplate":"https:\/\/conexbooks.de\/a\/shop\/?s={search_term_string}"},"query-input":{"@type":"PropertyValueSpecification","valueRequired":true,"valueName":"search_term_string"}}],"inLanguage":"de"},{"@type":"Organization","@id":"https:\/\/conexbooks.de\/a\/shop\/#organization","name":"Conex - books and more","url":"https:\/\/conexbooks.de\/a\/shop\/","logo":{"@type":"ImageObject","inLanguage":"de","@id":"https:\/\/conexbooks.de\/a\/shop\/#\/schema\/logo\/image\/","url":"https:\/\/conexbooks.de\/a\/shop\/wp-content\/uploads\/2017\/12\/co-logo.png","contentUrl":"https:\/\/conexbooks.de\/a\/shop\/wp-content\/uploads\/2017\/12\/co-logo.png","width":243,"height":122,"caption":"Conex - books and more"},"image":{"@id":"https:\/\/conexbooks.de\/a\/shop\/#\/schema\/logo\/image\/"}}]}},"_links":{"self":[{"href":"https:\/\/conexbooks.de\/a\/shop\/wp-json\/wp\/v2\/product\/950","targetHints":{"allow":["GET"]}}],"collection":[{"href":"https:\/\/conexbooks.de\/a\/shop\/wp-json\/wp\/v2\/product"}],"about":[{"href":"https:\/\/conexbooks.de\/a\/shop\/wp-json\/wp\/v2\/types\/product"}],"wp:featuredmedia":[{"embeddable":true,"href":"https:\/\/conexbooks.de\/a\/shop\/wp-json\/wp\/v2\/media\/1807"}],"wp:attachment":[{"href":"https:\/\/conexbooks.de\/a\/shop\/wp-json\/wp\/v2\/media?parent=950"}],"wp:term":[{"taxonomy":"product_brand","embeddable":true,"href":"https:\/\/conexbooks.de\/a\/shop\/wp-json\/wp\/v2\/product_brand?post=950"},{"taxonomy":"product_cat","embeddable":true,"href":"https:\/\/conexbooks.de\/a\/shop\/wp-json\/wp\/v2\/product_cat?post=950"},{"taxonomy":"product_tag","embeddable":true,"href":"https:\/\/conexbooks.de\/a\/shop\/wp-json\/wp\/v2\/product_tag?post=950"}],"curies":[{"name":"wp","href":"https:\/\/api.w.org\/{rel}","templated":true}]}}