{"id":956,"date":"2017-11-14T20:09:55","date_gmt":"2017-11-14T19:09:55","guid":{"rendered":"https:\/\/conexbooks.de\/a\/shop\/wp\/produkt\/produkt-19\/"},"modified":"2022-11-15T16:31:33","modified_gmt":"2022-11-15T15:31:33","slug":"produkt-19","status":"publish","type":"product","link":"https:\/\/conexbooks.de\/a\/shop\/produkt\/produkt-19\/","title":{"rendered":"Komunikacja Konstruktywna w biznesie (Erfolgsfaktor Menschlichkeit; G. Lindemann)"},"content":{"rendered":"<h3>Komunikacja Konstruktywna w biznesie (Erfolgsfaktor Menschlichkeit)<\/h3>\n<p>Przez rozmow\u0119 do efektywnego zarz\u0105dzania. Pozna\u0144\/ Warszawa: Porozumiewajmy si\u0119<\/p>\n<p>(Tytu\u0142 orygina\u0142u holenderskiego: Erfolgsfaktor Menschlichkeit; Wertsch\u00e4tzend f\u00fchren \u2013 wirksam kommunizieren; Ein Praxishandbuch f\u00fcr effektives Beziehungsmanagement und neue Unternehmenskultur, 2010)<\/p>\n<p>t\u0142umaczy\u0107 od Agnieszka Pietlicka 2013<\/p>\n<p>Ksi\u0105\u017cka dla os\u00f3b, kt\u00f3re szukaj\u0105 narz\u0119dzi, by dokona\u0107 zmian w swoim \u015brodowisku pracy&#8230; i w sobie. Znajdziecie w niej wskaz\u00f3wki, pomys\u0142y jak m\u00f3wi\u0107, by zosta\u0107 us\u0142ysza\u00acnym, zadba\u0107 o potrzeby w\u0142asne oraz otoczenia jednocze\u015bnie, zapewni\u0107 przestrze\u0144 dla inicjatywy pracownik\u00f3w, zwi\u0119kszy\u0107 ich zdolno\u015bci do dzia\u0142ania, zmotywowa\u0107 w spos\u00f3b gwa\u00acrantuj\u0105cy przedsi\u0119biorstwu d\u0142ugotrwa\u0142y sukces. Wszystko w oparciu o filozofi\u0119 Porozumienia bez Przemocy Marshal\u00acla Rosenberga. Autorki, obecnie aktywne na polu akademic\u00ackim, prowadz\u0105c wyk\u0142ady i warsztaty z komunikacji w pracy, maj\u0105 wieloletnie do\u015bwiadczenie w zarz\u0105dzaniu w sektorach bankowym i informatycznym. Znaj\u0105 biznes zar\u00f3wno od \u201ewewn\u0105trz\u201d z perspektywy kadry kierowniczej, jak i od \u201ezewn\u0105trz\u201d jako trenerki i mediatorki. Je\u017celi zdarza wam si\u0119 my\u015ble\u0107 z westchnieniem, \u017ce fajnie by\u0142oby, gdyby kontakt w zespole by\u0142 \u0142atwiejszy, a rozmowa z klientami i wsp\u00f3\u0142pracownikami l\u017cej\u00acsza i efektywniejsza,<br \/>\nmarzycie o ekipie, gdzie wszyscy \u015bwiadomie, wspieraj\u0105c si\u0119 nawzajem, d\u0105\u017c\u0105 do wsp\u00f3lnego celu \u2013 ta ksi\u0105\u017cka jest dla Was.<\/p>\n<div id='1' class='widgets_on_page wop_tiny1  wop_small1  wop_medium1  wop_large1  wop_wide1'>\n\t\t\t<ul><li id=\"custom_html-4\" class=\"widget_text widget widget_custom_html\"><div class=\"textwidget custom-html-widget\"><div style=\"text-align:left;\">\r\n<button class = \"button\" style=\"height: 30px; font-size: 0.8em;\" name=\"zuruck\" type=\"button\" onclick=\"history.back()\">Zur\u00fcck zur \u00dcbersicht<\/button><\/div><\/div><\/li><\/ul><\/div><!-- widgets_on_page -->\n","protected":false},"excerpt":{"rendered":"<p>i.php?bild=203<\/p>\n","protected":false},"featured_media":1363,"template":"","meta":[],"product_brand":[],"product_cat":[482,43],"product_tag":[],"class_list":{"0":"post-956","1":"product","2":"type-product","3":"status-publish","4":"has-post-thumbnail","6":"product_cat-buecher","7":"product_cat-polnische-buecher","9":"first","10":"instock","11":"shipping-taxable","12":"purchasable","13":"product-type-simple"},"yoast_head":"<!-- This site is optimized with the Yoast SEO plugin v27.5 - https:\/\/yoast.com\/product\/yoast-seo-wordpress\/ -->\n<title>Komunikacja Konstruktywna w biznesie (Erfolgsfaktor Menschlichkeit; G. Lindemann) - Conex-Shop<\/title>\n<meta name=\"robots\" content=\"index, follow, max-snippet:-1, max-image-preview:large, max-video-preview:-1\" \/>\n<link rel=\"canonical\" href=\"https:\/\/conexbooks.de\/a\/shop\/produkt\/produkt-19\/\" \/>\n<meta property=\"og:locale\" content=\"de_DE\" \/>\n<meta property=\"og:type\" content=\"article\" \/>\n<meta property=\"og:title\" content=\"Komunikacja Konstruktywna w biznesie (Erfolgsfaktor Menschlichkeit; G. Lindemann) - Conex-Shop\" \/>\n<meta property=\"og:description\" content=\"i.php?bild=203\" \/>\n<meta property=\"og:url\" content=\"https:\/\/conexbooks.de\/a\/shop\/produkt\/produkt-19\/\" \/>\n<meta property=\"og:site_name\" content=\"Conex-Shop\" \/>\n<meta property=\"article:modified_time\" content=\"2022-11-15T15:31:33+00:00\" \/>\n<meta property=\"og:image\" content=\"https:\/\/conexbooks.de\/a\/shop\/wp-content\/uploads\/2017\/11\/203.jpg\" \/>\n\t<meta property=\"og:image:width\" content=\"281\" \/>\n\t<meta property=\"og:image:height\" content=\"400\" \/>\n\t<meta property=\"og:image:type\" content=\"image\/jpeg\" \/>\n<meta name=\"twitter:card\" content=\"summary_large_image\" \/>\n<meta name=\"twitter:label1\" content=\"Gesch\u00e4tzte Lesezeit\" \/>\n\t<meta name=\"twitter:data1\" content=\"1\u00a0Minute\" \/>\n<script type=\"application\/ld+json\" class=\"yoast-schema-graph\">{\"@context\":\"https:\\\/\\\/schema.org\",\"@graph\":[{\"@type\":\"WebPage\",\"@id\":\"https:\\\/\\\/conexbooks.de\\\/a\\\/shop\\\/produkt\\\/produkt-19\\\/\",\"url\":\"https:\\\/\\\/conexbooks.de\\\/a\\\/shop\\\/produkt\\\/produkt-19\\\/\",\"name\":\"Komunikacja Konstruktywna w biznesie (Erfolgsfaktor Menschlichkeit; G. Lindemann) - Conex-Shop\",\"isPartOf\":{\"@id\":\"https:\\\/\\\/conexbooks.de\\\/a\\\/shop\\\/#website\"},\"primaryImageOfPage\":{\"@id\":\"https:\\\/\\\/conexbooks.de\\\/a\\\/shop\\\/produkt\\\/produkt-19\\\/#primaryimage\"},\"image\":{\"@id\":\"https:\\\/\\\/conexbooks.de\\\/a\\\/shop\\\/produkt\\\/produkt-19\\\/#primaryimage\"},\"thumbnailUrl\":\"https:\\\/\\\/conexbooks.de\\\/a\\\/shop\\\/wp-content\\\/uploads\\\/2017\\\/11\\\/203.jpg\",\"datePublished\":\"2017-11-14T19:09:55+00:00\",\"dateModified\":\"2022-11-15T15:31:33+00:00\",\"breadcrumb\":{\"@id\":\"https:\\\/\\\/conexbooks.de\\\/a\\\/shop\\\/produkt\\\/produkt-19\\\/#breadcrumb\"},\"inLanguage\":\"de\",\"potentialAction\":[{\"@type\":\"ReadAction\",\"target\":[\"https:\\\/\\\/conexbooks.de\\\/a\\\/shop\\\/produkt\\\/produkt-19\\\/\"]}]},{\"@type\":\"ImageObject\",\"inLanguage\":\"de\",\"@id\":\"https:\\\/\\\/conexbooks.de\\\/a\\\/shop\\\/produkt\\\/produkt-19\\\/#primaryimage\",\"url\":\"https:\\\/\\\/conexbooks.de\\\/a\\\/shop\\\/wp-content\\\/uploads\\\/2017\\\/11\\\/203.jpg\",\"contentUrl\":\"https:\\\/\\\/conexbooks.de\\\/a\\\/shop\\\/wp-content\\\/uploads\\\/2017\\\/11\\\/203.jpg\",\"width\":281,\"height\":400},{\"@type\":\"BreadcrumbList\",\"@id\":\"https:\\\/\\\/conexbooks.de\\\/a\\\/shop\\\/produkt\\\/produkt-19\\\/#breadcrumb\",\"itemListElement\":[{\"@type\":\"ListItem\",\"position\":1,\"name\":\"Home\",\"item\":\"https:\\\/\\\/conexbooks.de\\\/a\\\/shop\\\/\"},{\"@type\":\"ListItem\",\"position\":2,\"name\":\"Shop\",\"item\":\"https:\\\/\\\/conexbooks.de\\\/a\\\/shop\\\/shop\\\/\"},{\"@type\":\"ListItem\",\"position\":3,\"name\":\"Komunikacja Konstruktywna w biznesie (Erfolgsfaktor Menschlichkeit; G. Lindemann)\"}]},{\"@type\":\"WebSite\",\"@id\":\"https:\\\/\\\/conexbooks.de\\\/a\\\/shop\\\/#website\",\"url\":\"https:\\\/\\\/conexbooks.de\\\/a\\\/shop\\\/\",\"name\":\"Conex-Shop\",\"description\":\"Alles f\u00fcr die gewaltfreie Kommunikation: B\u00fccher, Spiele. Handpuppen Seminarmaterial und Geschenke\",\"publisher\":{\"@id\":\"https:\\\/\\\/conexbooks.de\\\/a\\\/shop\\\/#organization\"},\"potentialAction\":[{\"@type\":\"SearchAction\",\"target\":{\"@type\":\"EntryPoint\",\"urlTemplate\":\"https:\\\/\\\/conexbooks.de\\\/a\\\/shop\\\/?s={search_term_string}\"},\"query-input\":{\"@type\":\"PropertyValueSpecification\",\"valueRequired\":true,\"valueName\":\"search_term_string\"}}],\"inLanguage\":\"de\"},{\"@type\":\"Organization\",\"@id\":\"https:\\\/\\\/conexbooks.de\\\/a\\\/shop\\\/#organization\",\"name\":\"Conex - books and more\",\"url\":\"https:\\\/\\\/conexbooks.de\\\/a\\\/shop\\\/\",\"logo\":{\"@type\":\"ImageObject\",\"inLanguage\":\"de\",\"@id\":\"https:\\\/\\\/conexbooks.de\\\/a\\\/shop\\\/#\\\/schema\\\/logo\\\/image\\\/\",\"url\":\"https:\\\/\\\/conexbooks.de\\\/a\\\/shop\\\/wp-content\\\/uploads\\\/2017\\\/12\\\/co-logo.png\",\"contentUrl\":\"https:\\\/\\\/conexbooks.de\\\/a\\\/shop\\\/wp-content\\\/uploads\\\/2017\\\/12\\\/co-logo.png\",\"width\":243,\"height\":122,\"caption\":\"Conex - books and more\"},\"image\":{\"@id\":\"https:\\\/\\\/conexbooks.de\\\/a\\\/shop\\\/#\\\/schema\\\/logo\\\/image\\\/\"}}]}<\/script>\n<!-- \/ Yoast SEO plugin. -->","yoast_head_json":{"title":"Komunikacja Konstruktywna w biznesie (Erfolgsfaktor Menschlichkeit; G. Lindemann) - Conex-Shop","robots":{"index":"index","follow":"follow","max-snippet":"max-snippet:-1","max-image-preview":"max-image-preview:large","max-video-preview":"max-video-preview:-1"},"canonical":"https:\/\/conexbooks.de\/a\/shop\/produkt\/produkt-19\/","og_locale":"de_DE","og_type":"article","og_title":"Komunikacja Konstruktywna w biznesie (Erfolgsfaktor Menschlichkeit; G. Lindemann) - Conex-Shop","og_description":"i.php?bild=203","og_url":"https:\/\/conexbooks.de\/a\/shop\/produkt\/produkt-19\/","og_site_name":"Conex-Shop","article_modified_time":"2022-11-15T15:31:33+00:00","og_image":[{"width":281,"height":400,"url":"https:\/\/conexbooks.de\/a\/shop\/wp-content\/uploads\/2017\/11\/203.jpg","type":"image\/jpeg"}],"twitter_card":"summary_large_image","twitter_misc":{"Gesch\u00e4tzte Lesezeit":"1\u00a0Minute"},"schema":{"@context":"https:\/\/schema.org","@graph":[{"@type":"WebPage","@id":"https:\/\/conexbooks.de\/a\/shop\/produkt\/produkt-19\/","url":"https:\/\/conexbooks.de\/a\/shop\/produkt\/produkt-19\/","name":"Komunikacja Konstruktywna w biznesie (Erfolgsfaktor Menschlichkeit; G. Lindemann) - Conex-Shop","isPartOf":{"@id":"https:\/\/conexbooks.de\/a\/shop\/#website"},"primaryImageOfPage":{"@id":"https:\/\/conexbooks.de\/a\/shop\/produkt\/produkt-19\/#primaryimage"},"image":{"@id":"https:\/\/conexbooks.de\/a\/shop\/produkt\/produkt-19\/#primaryimage"},"thumbnailUrl":"https:\/\/conexbooks.de\/a\/shop\/wp-content\/uploads\/2017\/11\/203.jpg","datePublished":"2017-11-14T19:09:55+00:00","dateModified":"2022-11-15T15:31:33+00:00","breadcrumb":{"@id":"https:\/\/conexbooks.de\/a\/shop\/produkt\/produkt-19\/#breadcrumb"},"inLanguage":"de","potentialAction":[{"@type":"ReadAction","target":["https:\/\/conexbooks.de\/a\/shop\/produkt\/produkt-19\/"]}]},{"@type":"ImageObject","inLanguage":"de","@id":"https:\/\/conexbooks.de\/a\/shop\/produkt\/produkt-19\/#primaryimage","url":"https:\/\/conexbooks.de\/a\/shop\/wp-content\/uploads\/2017\/11\/203.jpg","contentUrl":"https:\/\/conexbooks.de\/a\/shop\/wp-content\/uploads\/2017\/11\/203.jpg","width":281,"height":400},{"@type":"BreadcrumbList","@id":"https:\/\/conexbooks.de\/a\/shop\/produkt\/produkt-19\/#breadcrumb","itemListElement":[{"@type":"ListItem","position":1,"name":"Home","item":"https:\/\/conexbooks.de\/a\/shop\/"},{"@type":"ListItem","position":2,"name":"Shop","item":"https:\/\/conexbooks.de\/a\/shop\/shop\/"},{"@type":"ListItem","position":3,"name":"Komunikacja Konstruktywna w biznesie (Erfolgsfaktor Menschlichkeit; G. Lindemann)"}]},{"@type":"WebSite","@id":"https:\/\/conexbooks.de\/a\/shop\/#website","url":"https:\/\/conexbooks.de\/a\/shop\/","name":"Conex-Shop","description":"Alles f\u00fcr die gewaltfreie Kommunikation: B\u00fccher, Spiele. Handpuppen Seminarmaterial und Geschenke","publisher":{"@id":"https:\/\/conexbooks.de\/a\/shop\/#organization"},"potentialAction":[{"@type":"SearchAction","target":{"@type":"EntryPoint","urlTemplate":"https:\/\/conexbooks.de\/a\/shop\/?s={search_term_string}"},"query-input":{"@type":"PropertyValueSpecification","valueRequired":true,"valueName":"search_term_string"}}],"inLanguage":"de"},{"@type":"Organization","@id":"https:\/\/conexbooks.de\/a\/shop\/#organization","name":"Conex - books and more","url":"https:\/\/conexbooks.de\/a\/shop\/","logo":{"@type":"ImageObject","inLanguage":"de","@id":"https:\/\/conexbooks.de\/a\/shop\/#\/schema\/logo\/image\/","url":"https:\/\/conexbooks.de\/a\/shop\/wp-content\/uploads\/2017\/12\/co-logo.png","contentUrl":"https:\/\/conexbooks.de\/a\/shop\/wp-content\/uploads\/2017\/12\/co-logo.png","width":243,"height":122,"caption":"Conex - books and more"},"image":{"@id":"https:\/\/conexbooks.de\/a\/shop\/#\/schema\/logo\/image\/"}}]}},"_links":{"self":[{"href":"https:\/\/conexbooks.de\/a\/shop\/wp-json\/wp\/v2\/product\/956","targetHints":{"allow":["GET"]}}],"collection":[{"href":"https:\/\/conexbooks.de\/a\/shop\/wp-json\/wp\/v2\/product"}],"about":[{"href":"https:\/\/conexbooks.de\/a\/shop\/wp-json\/wp\/v2\/types\/product"}],"wp:featuredmedia":[{"embeddable":true,"href":"https:\/\/conexbooks.de\/a\/shop\/wp-json\/wp\/v2\/media\/1363"}],"wp:attachment":[{"href":"https:\/\/conexbooks.de\/a\/shop\/wp-json\/wp\/v2\/media?parent=956"}],"wp:term":[{"taxonomy":"product_brand","embeddable":true,"href":"https:\/\/conexbooks.de\/a\/shop\/wp-json\/wp\/v2\/product_brand?post=956"},{"taxonomy":"product_cat","embeddable":true,"href":"https:\/\/conexbooks.de\/a\/shop\/wp-json\/wp\/v2\/product_cat?post=956"},{"taxonomy":"product_tag","embeddable":true,"href":"https:\/\/conexbooks.de\/a\/shop\/wp-json\/wp\/v2\/product_tag?post=956"}],"curies":[{"name":"wp","href":"https:\/\/api.w.org\/{rel}","templated":true}]}}