{"id":972,"date":"2017-11-14T20:09:58","date_gmt":"2017-11-14T19:09:58","guid":{"rendered":"https:\/\/conexbooks.de\/a\/shop\/wp\/produkt\/produkt-29\/"},"modified":"2026-04-01T17:56:11","modified_gmt":"2026-04-01T15:56:11","slug":"produkt-29","status":"publish","type":"product","link":"https:\/\/conexbooks.de\/a\/shop\/produkt\/produkt-29\/","title":{"rendered":"Das k\u00f6nnen wir kl\u00e4ren!"},"content":{"rendered":"<h3>Das k\u00f6nnen wir kl\u00e4ren!<\/h3>\n<p>Wie man Konflikte friedlich und wirksam l\u00f6sen kann. GFK: Die Ideen &amp; ihre Anwendung<\/p>\n<p>Seit mehr als 40 Jahren vermittelt Marshall Rosenberg in Konfliktsituationen zwischen Eltern und Kindern, Ehem\u00e4nnern und Ehefrauen, Arbeitnehmern und Arbeitgebern sowie zwischen kriegf\u00fchrenden Gruppen \u00fcberall auf der Welt. Dabei hat er erlebt, dass es m\u00f6glich ist, Konflikte friedlich zu l\u00f6sen &#8211; zur Zufriedenheit aller Beteiligten. Es geht ihm nicht um Kompromisse &#8211; es geht um eine achtsame und respektvolle Qualit\u00e4t der Beziehung zwischen den Parteien mit einem Konflikt.<\/p>\n<p>Eine aufrichtige Zusammenarbeit wird dann m\u00f6glich, wenn die Beteiligten darauf vertrauen, dass respektvoll \u00fcber ihre eigenen Bed\u00fcrfnisse und Werte gesprochen wird. Die Gewaltfreie Kommunikation ist ein Prozess, der es erm\u00f6glicht, dass die Bed\u00fcrfnisse aller Beteiligten ber\u00fccksichtigt werden.<br \/>\nAuf diese und andere Fragen gibt Marshall Rosenberg in seinen Dialogen mit Teilnehmern eines Workshops repr\u00e4sentative Antworten.<\/p>\n<p>&nbsp;<\/p>\n<div id='1' class='widgets_on_page wop_tiny1  wop_small1  wop_medium1  wop_large1  wop_wide1'>\n\t\t\t<ul><li id=\"custom_html-4\" class=\"widget_text widget widget_custom_html\"><div class=\"textwidget custom-html-widget\"><div style=\"text-align:left;\">\r\n<button class = \"button\" style=\"height: 30px; font-size: 0.8em;\" name=\"zuruck\" type=\"button\" onclick=\"history.back()\">Zur\u00fcck zur \u00dcbersicht<\/button><\/div><\/div><\/li><\/ul><\/div><!-- widgets_on_page -->\n","protected":false},"excerpt":{"rendered":"<h3>Dr. Marshall B. Rosenberg<\/h3>\n<h3><strong>Wie man Konflikte friedlich und wirksam l\u00f6sen kann.<\/strong><br \/>\nGFK: Die Ideen &amp; ihre Anwendung<\/h3>\n<p>Originaltitel: We Can Work It Out<\/p>\n<p>\u00dcbersetzt von Michael Dillo<\/p>\n<p>Junfermann-Verlag<br \/>\n2. Auflage 2013 &#8211; 40 Seiten<\/p>\n<p>Seit mehr als 40 Jahren vermittelt Marshall Rosenberg in Konfliktsituationen zwischen Eltern und Kindern, Ehem\u00e4nnern und Ehefrauen, Arbeitnehmern und Arbeitgebern sowie zwischen kriegf\u00fchrenden Gruppen \u00fcberall auf der Welt.<\/p>\n","protected":false},"featured_media":1297,"template":"","meta":[],"product_brand":[],"product_cat":[36,44],"product_tag":[82,101,62,60,116,107,94],"class_list":{"0":"post-972","1":"product","2":"type-product","3":"status-publish","4":"has-post-thumbnail","6":"product_cat-deutsche-buecher","7":"product_cat-konflikte","8":"product_tag-beziehung","9":"product_tag-courage","10":"product_tag-gewaltpraevention","11":"product_tag-konflikte","12":"product_tag-sozialer-wandel","13":"product_tag-streitschlichtung","14":"product_tag-team","16":"first","17":"instock","18":"shipping-taxable","19":"purchasable","20":"product-type-simple"},"yoast_head":"<!-- This site is optimized with the Yoast SEO plugin v27.4 - https:\/\/yoast.com\/product\/yoast-seo-wordpress\/ -->\n<title>Das k\u00f6nnen wir kl\u00e4ren! - Conex-Shop<\/title>\n<meta name=\"robots\" content=\"index, follow, max-snippet:-1, max-image-preview:large, max-video-preview:-1\" \/>\n<link rel=\"canonical\" href=\"https:\/\/conexbooks.de\/a\/shop\/produkt\/produkt-29\/\" \/>\n<meta property=\"og:locale\" content=\"de_DE\" \/>\n<meta property=\"og:type\" content=\"article\" \/>\n<meta property=\"og:title\" content=\"Das k\u00f6nnen wir kl\u00e4ren! - Conex-Shop\" \/>\n<meta property=\"og:description\" content=\"Dr. Marshall B. Rosenberg Wie man Konflikte friedlich und wirksam l\u00f6sen kann. GFK: Die Ideen &amp; ihre Anwendung Originaltitel: We Can Work It Out  \u00dcbersetzt von Michael Dillo  Junfermann-Verlag 2. Auflage 2013 - 40 Seiten  Seit mehr als 40 Jahren vermittelt Marshall Rosenberg in Konfliktsituationen zwischen Eltern und Kindern, Ehem\u00e4nnern und Ehefrauen, Arbeitnehmern und Arbeitgebern sowie zwischen kriegf\u00fchrenden Gruppen \u00fcberall auf der Welt.\" \/>\n<meta property=\"og:url\" content=\"https:\/\/conexbooks.de\/a\/shop\/produkt\/produkt-29\/\" \/>\n<meta property=\"og:site_name\" content=\"Conex-Shop\" \/>\n<meta property=\"article:modified_time\" content=\"2026-04-01T15:56:11+00:00\" \/>\n<meta property=\"og:image\" content=\"https:\/\/conexbooks.de\/a\/shop\/wp-content\/uploads\/2017\/11\/023.jpg\" \/>\n\t<meta property=\"og:image:width\" content=\"260\" \/>\n\t<meta property=\"og:image:height\" content=\"400\" \/>\n\t<meta property=\"og:image:type\" content=\"image\/jpeg\" \/>\n<meta name=\"twitter:card\" content=\"summary_large_image\" \/>\n<meta name=\"twitter:label1\" content=\"Gesch\u00e4tzte Lesezeit\" \/>\n\t<meta name=\"twitter:data1\" content=\"1\u00a0Minute\" \/>\n<script type=\"application\/ld+json\" class=\"yoast-schema-graph\">{\"@context\":\"https:\\\/\\\/schema.org\",\"@graph\":[{\"@type\":\"WebPage\",\"@id\":\"https:\\\/\\\/conexbooks.de\\\/a\\\/shop\\\/produkt\\\/produkt-29\\\/\",\"url\":\"https:\\\/\\\/conexbooks.de\\\/a\\\/shop\\\/produkt\\\/produkt-29\\\/\",\"name\":\"Das k\u00f6nnen wir kl\u00e4ren! - Conex-Shop\",\"isPartOf\":{\"@id\":\"https:\\\/\\\/conexbooks.de\\\/a\\\/shop\\\/#website\"},\"primaryImageOfPage\":{\"@id\":\"https:\\\/\\\/conexbooks.de\\\/a\\\/shop\\\/produkt\\\/produkt-29\\\/#primaryimage\"},\"image\":{\"@id\":\"https:\\\/\\\/conexbooks.de\\\/a\\\/shop\\\/produkt\\\/produkt-29\\\/#primaryimage\"},\"thumbnailUrl\":\"https:\\\/\\\/conexbooks.de\\\/a\\\/shop\\\/wp-content\\\/uploads\\\/2017\\\/11\\\/023.jpg\",\"datePublished\":\"2017-11-14T19:09:58+00:00\",\"dateModified\":\"2026-04-01T15:56:11+00:00\",\"breadcrumb\":{\"@id\":\"https:\\\/\\\/conexbooks.de\\\/a\\\/shop\\\/produkt\\\/produkt-29\\\/#breadcrumb\"},\"inLanguage\":\"de\",\"potentialAction\":[{\"@type\":\"ReadAction\",\"target\":[\"https:\\\/\\\/conexbooks.de\\\/a\\\/shop\\\/produkt\\\/produkt-29\\\/\"]}]},{\"@type\":\"ImageObject\",\"inLanguage\":\"de\",\"@id\":\"https:\\\/\\\/conexbooks.de\\\/a\\\/shop\\\/produkt\\\/produkt-29\\\/#primaryimage\",\"url\":\"https:\\\/\\\/conexbooks.de\\\/a\\\/shop\\\/wp-content\\\/uploads\\\/2017\\\/11\\\/023.jpg\",\"contentUrl\":\"https:\\\/\\\/conexbooks.de\\\/a\\\/shop\\\/wp-content\\\/uploads\\\/2017\\\/11\\\/023.jpg\",\"width\":260,\"height\":400},{\"@type\":\"BreadcrumbList\",\"@id\":\"https:\\\/\\\/conexbooks.de\\\/a\\\/shop\\\/produkt\\\/produkt-29\\\/#breadcrumb\",\"itemListElement\":[{\"@type\":\"ListItem\",\"position\":1,\"name\":\"Home\",\"item\":\"https:\\\/\\\/conexbooks.de\\\/a\\\/shop\\\/\"},{\"@type\":\"ListItem\",\"position\":2,\"name\":\"Shop\",\"item\":\"https:\\\/\\\/conexbooks.de\\\/a\\\/shop\\\/shop\\\/\"},{\"@type\":\"ListItem\",\"position\":3,\"name\":\"Das k\u00f6nnen wir kl\u00e4ren!\"}]},{\"@type\":\"WebSite\",\"@id\":\"https:\\\/\\\/conexbooks.de\\\/a\\\/shop\\\/#website\",\"url\":\"https:\\\/\\\/conexbooks.de\\\/a\\\/shop\\\/\",\"name\":\"Conex-Shop\",\"description\":\"Alles f\u00fcr die gewaltfreie Kommunikation: B\u00fccher, Spiele. Handpuppen Seminarmaterial und Geschenke\",\"publisher\":{\"@id\":\"https:\\\/\\\/conexbooks.de\\\/a\\\/shop\\\/#organization\"},\"potentialAction\":[{\"@type\":\"SearchAction\",\"target\":{\"@type\":\"EntryPoint\",\"urlTemplate\":\"https:\\\/\\\/conexbooks.de\\\/a\\\/shop\\\/?s={search_term_string}\"},\"query-input\":{\"@type\":\"PropertyValueSpecification\",\"valueRequired\":true,\"valueName\":\"search_term_string\"}}],\"inLanguage\":\"de\"},{\"@type\":\"Organization\",\"@id\":\"https:\\\/\\\/conexbooks.de\\\/a\\\/shop\\\/#organization\",\"name\":\"Conex - books and more\",\"url\":\"https:\\\/\\\/conexbooks.de\\\/a\\\/shop\\\/\",\"logo\":{\"@type\":\"ImageObject\",\"inLanguage\":\"de\",\"@id\":\"https:\\\/\\\/conexbooks.de\\\/a\\\/shop\\\/#\\\/schema\\\/logo\\\/image\\\/\",\"url\":\"https:\\\/\\\/conexbooks.de\\\/a\\\/shop\\\/wp-content\\\/uploads\\\/2017\\\/12\\\/co-logo.png\",\"contentUrl\":\"https:\\\/\\\/conexbooks.de\\\/a\\\/shop\\\/wp-content\\\/uploads\\\/2017\\\/12\\\/co-logo.png\",\"width\":243,\"height\":122,\"caption\":\"Conex - books and more\"},\"image\":{\"@id\":\"https:\\\/\\\/conexbooks.de\\\/a\\\/shop\\\/#\\\/schema\\\/logo\\\/image\\\/\"}}]}<\/script>\n<!-- \/ Yoast SEO plugin. -->","yoast_head_json":{"title":"Das k\u00f6nnen wir kl\u00e4ren! - Conex-Shop","robots":{"index":"index","follow":"follow","max-snippet":"max-snippet:-1","max-image-preview":"max-image-preview:large","max-video-preview":"max-video-preview:-1"},"canonical":"https:\/\/conexbooks.de\/a\/shop\/produkt\/produkt-29\/","og_locale":"de_DE","og_type":"article","og_title":"Das k\u00f6nnen wir kl\u00e4ren! - Conex-Shop","og_description":"Dr. Marshall B. Rosenberg Wie man Konflikte friedlich und wirksam l\u00f6sen kann. GFK: Die Ideen &amp; ihre Anwendung Originaltitel: We Can Work It Out  \u00dcbersetzt von Michael Dillo  Junfermann-Verlag 2. Auflage 2013 - 40 Seiten  Seit mehr als 40 Jahren vermittelt Marshall Rosenberg in Konfliktsituationen zwischen Eltern und Kindern, Ehem\u00e4nnern und Ehefrauen, Arbeitnehmern und Arbeitgebern sowie zwischen kriegf\u00fchrenden Gruppen \u00fcberall auf der Welt.","og_url":"https:\/\/conexbooks.de\/a\/shop\/produkt\/produkt-29\/","og_site_name":"Conex-Shop","article_modified_time":"2026-04-01T15:56:11+00:00","og_image":[{"width":260,"height":400,"url":"https:\/\/conexbooks.de\/a\/shop\/wp-content\/uploads\/2017\/11\/023.jpg","type":"image\/jpeg"}],"twitter_card":"summary_large_image","twitter_misc":{"Gesch\u00e4tzte Lesezeit":"1\u00a0Minute"},"schema":{"@context":"https:\/\/schema.org","@graph":[{"@type":"WebPage","@id":"https:\/\/conexbooks.de\/a\/shop\/produkt\/produkt-29\/","url":"https:\/\/conexbooks.de\/a\/shop\/produkt\/produkt-29\/","name":"Das k\u00f6nnen wir kl\u00e4ren! - Conex-Shop","isPartOf":{"@id":"https:\/\/conexbooks.de\/a\/shop\/#website"},"primaryImageOfPage":{"@id":"https:\/\/conexbooks.de\/a\/shop\/produkt\/produkt-29\/#primaryimage"},"image":{"@id":"https:\/\/conexbooks.de\/a\/shop\/produkt\/produkt-29\/#primaryimage"},"thumbnailUrl":"https:\/\/conexbooks.de\/a\/shop\/wp-content\/uploads\/2017\/11\/023.jpg","datePublished":"2017-11-14T19:09:58+00:00","dateModified":"2026-04-01T15:56:11+00:00","breadcrumb":{"@id":"https:\/\/conexbooks.de\/a\/shop\/produkt\/produkt-29\/#breadcrumb"},"inLanguage":"de","potentialAction":[{"@type":"ReadAction","target":["https:\/\/conexbooks.de\/a\/shop\/produkt\/produkt-29\/"]}]},{"@type":"ImageObject","inLanguage":"de","@id":"https:\/\/conexbooks.de\/a\/shop\/produkt\/produkt-29\/#primaryimage","url":"https:\/\/conexbooks.de\/a\/shop\/wp-content\/uploads\/2017\/11\/023.jpg","contentUrl":"https:\/\/conexbooks.de\/a\/shop\/wp-content\/uploads\/2017\/11\/023.jpg","width":260,"height":400},{"@type":"BreadcrumbList","@id":"https:\/\/conexbooks.de\/a\/shop\/produkt\/produkt-29\/#breadcrumb","itemListElement":[{"@type":"ListItem","position":1,"name":"Home","item":"https:\/\/conexbooks.de\/a\/shop\/"},{"@type":"ListItem","position":2,"name":"Shop","item":"https:\/\/conexbooks.de\/a\/shop\/shop\/"},{"@type":"ListItem","position":3,"name":"Das k\u00f6nnen wir kl\u00e4ren!"}]},{"@type":"WebSite","@id":"https:\/\/conexbooks.de\/a\/shop\/#website","url":"https:\/\/conexbooks.de\/a\/shop\/","name":"Conex-Shop","description":"Alles f\u00fcr die gewaltfreie Kommunikation: B\u00fccher, Spiele. Handpuppen Seminarmaterial und Geschenke","publisher":{"@id":"https:\/\/conexbooks.de\/a\/shop\/#organization"},"potentialAction":[{"@type":"SearchAction","target":{"@type":"EntryPoint","urlTemplate":"https:\/\/conexbooks.de\/a\/shop\/?s={search_term_string}"},"query-input":{"@type":"PropertyValueSpecification","valueRequired":true,"valueName":"search_term_string"}}],"inLanguage":"de"},{"@type":"Organization","@id":"https:\/\/conexbooks.de\/a\/shop\/#organization","name":"Conex - books and more","url":"https:\/\/conexbooks.de\/a\/shop\/","logo":{"@type":"ImageObject","inLanguage":"de","@id":"https:\/\/conexbooks.de\/a\/shop\/#\/schema\/logo\/image\/","url":"https:\/\/conexbooks.de\/a\/shop\/wp-content\/uploads\/2017\/12\/co-logo.png","contentUrl":"https:\/\/conexbooks.de\/a\/shop\/wp-content\/uploads\/2017\/12\/co-logo.png","width":243,"height":122,"caption":"Conex - books and more"},"image":{"@id":"https:\/\/conexbooks.de\/a\/shop\/#\/schema\/logo\/image\/"}}]}},"_links":{"self":[{"href":"https:\/\/conexbooks.de\/a\/shop\/wp-json\/wp\/v2\/product\/972","targetHints":{"allow":["GET"]}}],"collection":[{"href":"https:\/\/conexbooks.de\/a\/shop\/wp-json\/wp\/v2\/product"}],"about":[{"href":"https:\/\/conexbooks.de\/a\/shop\/wp-json\/wp\/v2\/types\/product"}],"wp:featuredmedia":[{"embeddable":true,"href":"https:\/\/conexbooks.de\/a\/shop\/wp-json\/wp\/v2\/media\/1297"}],"wp:attachment":[{"href":"https:\/\/conexbooks.de\/a\/shop\/wp-json\/wp\/v2\/media?parent=972"}],"wp:term":[{"taxonomy":"product_brand","embeddable":true,"href":"https:\/\/conexbooks.de\/a\/shop\/wp-json\/wp\/v2\/product_brand?post=972"},{"taxonomy":"product_cat","embeddable":true,"href":"https:\/\/conexbooks.de\/a\/shop\/wp-json\/wp\/v2\/product_cat?post=972"},{"taxonomy":"product_tag","embeddable":true,"href":"https:\/\/conexbooks.de\/a\/shop\/wp-json\/wp\/v2\/product_tag?post=972"}],"curies":[{"name":"wp","href":"https:\/\/api.w.org\/{rel}","templated":true}]}}