{"id":976,"date":"2017-11-14T20:09:58","date_gmt":"2017-11-14T19:09:58","guid":{"rendered":"https:\/\/conexbooks.de\/a\/shop\/wp\/produkt\/susann-pasztor-klaus-dieter-gens\/"},"modified":"2026-04-10T12:53:18","modified_gmt":"2026-04-10T10:53:18","slug":"susann-pasztor-klaus-dieter-gens","status":"publish","type":"product","link":"https:\/\/conexbooks.de\/a\/shop\/produkt\/susann-pasztor-klaus-dieter-gens\/","title":{"rendered":"Mach doch was du willst"},"content":{"rendered":"<h3>Mach doch, was du willst<\/h3>\n<h4>Susann Pastor &amp; Klaus-Dieter Gens<\/h4>\n<p>Etwa 70.000 Stunden unseres Lebens verbringen wir an unserem Arbeitsplatz. Und auch hier spielen Gef\u00fchle und Bed\u00fcrfnisse eine zentrale Rolle &#8211; nur sind es nicht immer die, die ausgesprochen, gelebt und erf\u00fcllt werden.<\/p>\n<p>Mit Humor und Einf\u00fchlung begleitet das Autorenduo die Belegschaft einer kleinen Agentur in ihrem Arbeitsalltag. Ob Teambesprechung, Kaffeepause oder vis a vis am Schreibtisch &#8211; immer wieder gibt es Gelegenheiten, klassische Dialoge und Konflikte aufzugreifen und sie mit Hilfe der Gewaltfreien Kommunikation in lebendige, menschliche Begegnungen zu verwandeln. Dabei wird deutlich, dass es nicht nur um zufriedene Mitarbeiter geht, sondern auch um effektive Kooperation, klare und eindeutige Kommunikation, Beziehungstransparenz und Teamf\u00e4higkeit &#8211; jene Faktoren also, die ein Unternehmen erst erfolgreich machen.<\/p>\n<p>&#8222;Lebensbereichernde Organisation&#8220; nennt Marshall B. Rosenberg, Begr\u00fcnder der Gewaltfreien Kommunikation, sein Modell einer tragf\u00e4higen Zusammenarbeit. Mag auch der Weg vom &#8222;normalen&#8220; Arbeitsplatz bis dorthin noch weit sein &#8211; schon das Unterwegs-Sein lohnt sich!<\/p>\n<p>Auf diese und andere Fragen gibt Marshall Rosenberg in seinen Dialogen mit Teilnehmern eines Workshops repr\u00e4sentative Antworten.<\/p>\n<p>&nbsp;<\/p>\n<div id='1' class='widgets_on_page wop_tiny1  wop_small1  wop_medium1  wop_large1  wop_wide1'>\n\t\t\t<ul><li id=\"custom_html-4\" class=\"widget_text widget widget_custom_html\"><div class=\"textwidget custom-html-widget\"><div style=\"text-align:left;\">\r\n<button class = \"button\" style=\"height: 30px; font-size: 0.8em;\" name=\"zuruck\" type=\"button\" onclick=\"history.back()\">Zur\u00fcck zur \u00dcbersicht<\/button><\/div><\/div><\/li><\/ul><\/div><!-- widgets_on_page -->\n","protected":false},"excerpt":{"rendered":"<h3>Susann Pastor &amp; Klaus-Dieter Gens<\/h3>\n<h3>Gewaltfreie Kommunikation am Arbeitsplatz<\/h3>\n<p>Junfermann Verlag, (dort nur noch als PDF oder E-Book verf\u00fcgbar)<\/p>\n<p>1. Auflage 2005<br \/>\n96 Seiten; kartoniert, Format: 17 cm x 24 cm<\/p>\n<p>&nbsp;<\/p>\n","protected":false},"featured_media":1309,"template":"","meta":[],"product_brand":[],"product_cat":[36,45],"product_tag":[61,170,213,215,275,299,598,646,647],"class_list":{"0":"post-976","1":"product","2":"type-product","3":"status-publish","4":"has-post-thumbnail","6":"product_cat-deutsche-buecher","7":"product_cat-arbeit-sonstiges","8":"product_tag-mediation","9":"product_tag-wahrnehmung-von-gefuehlen","10":"product_tag-kooperation","11":"product_tag-kommunikation-im-beruf","12":"product_tag-konfliktfaehigkeit","13":"product_tag-gfk-im-berufsalltag","14":"product_tag-konfliktmanagement","15":"product_tag-gefuehle-benennen","16":"product_tag-teamfaehigkeit","18":"first","19":"outofstock","20":"shipping-taxable","21":"purchasable","22":"product-type-simple"},"yoast_head":"<!-- This site is optimized with the Yoast SEO plugin v27.5 - https:\/\/yoast.com\/product\/yoast-seo-wordpress\/ -->\n<title>Mach doch was du willst - Conex-Shop<\/title>\n<meta name=\"robots\" content=\"index, follow, max-snippet:-1, max-image-preview:large, max-video-preview:-1\" \/>\n<link rel=\"canonical\" href=\"https:\/\/conexbooks.de\/a\/shop\/produkt\/susann-pasztor-klaus-dieter-gens\/\" \/>\n<meta property=\"og:locale\" content=\"de_DE\" \/>\n<meta property=\"og:type\" content=\"article\" \/>\n<meta property=\"og:title\" content=\"Mach doch was du willst - Conex-Shop\" \/>\n<meta property=\"og:description\" content=\"Susann Pastor &amp; Klaus-Dieter Gens Gewaltfreie Kommunikation am Arbeitsplatz Junfermann Verlag, (dort nur noch als PDF oder E-Book verf\u00fcgbar)  1. Auflage 2005 96 Seiten; kartoniert, Format: 17 cm x 24 cm  &nbsp;\" \/>\n<meta property=\"og:url\" content=\"https:\/\/conexbooks.de\/a\/shop\/produkt\/susann-pasztor-klaus-dieter-gens\/\" \/>\n<meta property=\"og:site_name\" content=\"Conex-Shop\" \/>\n<meta property=\"article:modified_time\" content=\"2026-04-10T10:53:18+00:00\" \/>\n<meta property=\"og:image\" content=\"https:\/\/conexbooks.de\/a\/shop\/wp-content\/uploads\/2017\/11\/036.jpg\" \/>\n\t<meta property=\"og:image:width\" content=\"284\" \/>\n\t<meta property=\"og:image:height\" content=\"400\" \/>\n\t<meta property=\"og:image:type\" content=\"image\/jpeg\" \/>\n<meta name=\"twitter:card\" content=\"summary_large_image\" \/>\n<meta name=\"twitter:label1\" content=\"Gesch\u00e4tzte Lesezeit\" \/>\n\t<meta name=\"twitter:data1\" content=\"2\u00a0Minuten\" \/>\n<script type=\"application\/ld+json\" class=\"yoast-schema-graph\">{\"@context\":\"https:\\\/\\\/schema.org\",\"@graph\":[{\"@type\":\"WebPage\",\"@id\":\"https:\\\/\\\/conexbooks.de\\\/a\\\/shop\\\/produkt\\\/susann-pasztor-klaus-dieter-gens\\\/\",\"url\":\"https:\\\/\\\/conexbooks.de\\\/a\\\/shop\\\/produkt\\\/susann-pasztor-klaus-dieter-gens\\\/\",\"name\":\"Mach doch was du willst - Conex-Shop\",\"isPartOf\":{\"@id\":\"https:\\\/\\\/conexbooks.de\\\/a\\\/shop\\\/#website\"},\"primaryImageOfPage\":{\"@id\":\"https:\\\/\\\/conexbooks.de\\\/a\\\/shop\\\/produkt\\\/susann-pasztor-klaus-dieter-gens\\\/#primaryimage\"},\"image\":{\"@id\":\"https:\\\/\\\/conexbooks.de\\\/a\\\/shop\\\/produkt\\\/susann-pasztor-klaus-dieter-gens\\\/#primaryimage\"},\"thumbnailUrl\":\"https:\\\/\\\/conexbooks.de\\\/a\\\/shop\\\/wp-content\\\/uploads\\\/2017\\\/11\\\/036.jpg\",\"datePublished\":\"2017-11-14T19:09:58+00:00\",\"dateModified\":\"2026-04-10T10:53:18+00:00\",\"breadcrumb\":{\"@id\":\"https:\\\/\\\/conexbooks.de\\\/a\\\/shop\\\/produkt\\\/susann-pasztor-klaus-dieter-gens\\\/#breadcrumb\"},\"inLanguage\":\"de\",\"potentialAction\":[{\"@type\":\"ReadAction\",\"target\":[\"https:\\\/\\\/conexbooks.de\\\/a\\\/shop\\\/produkt\\\/susann-pasztor-klaus-dieter-gens\\\/\"]}]},{\"@type\":\"ImageObject\",\"inLanguage\":\"de\",\"@id\":\"https:\\\/\\\/conexbooks.de\\\/a\\\/shop\\\/produkt\\\/susann-pasztor-klaus-dieter-gens\\\/#primaryimage\",\"url\":\"https:\\\/\\\/conexbooks.de\\\/a\\\/shop\\\/wp-content\\\/uploads\\\/2017\\\/11\\\/036.jpg\",\"contentUrl\":\"https:\\\/\\\/conexbooks.de\\\/a\\\/shop\\\/wp-content\\\/uploads\\\/2017\\\/11\\\/036.jpg\",\"width\":284,\"height\":400},{\"@type\":\"BreadcrumbList\",\"@id\":\"https:\\\/\\\/conexbooks.de\\\/a\\\/shop\\\/produkt\\\/susann-pasztor-klaus-dieter-gens\\\/#breadcrumb\",\"itemListElement\":[{\"@type\":\"ListItem\",\"position\":1,\"name\":\"Home\",\"item\":\"https:\\\/\\\/conexbooks.de\\\/a\\\/shop\\\/\"},{\"@type\":\"ListItem\",\"position\":2,\"name\":\"Shop\",\"item\":\"https:\\\/\\\/conexbooks.de\\\/a\\\/shop\\\/shop\\\/\"},{\"@type\":\"ListItem\",\"position\":3,\"name\":\"Mach doch was du willst\"}]},{\"@type\":\"WebSite\",\"@id\":\"https:\\\/\\\/conexbooks.de\\\/a\\\/shop\\\/#website\",\"url\":\"https:\\\/\\\/conexbooks.de\\\/a\\\/shop\\\/\",\"name\":\"Conex-Shop\",\"description\":\"Alles f\u00fcr die gewaltfreie Kommunikation: B\u00fccher, Spiele. Handpuppen Seminarmaterial und Geschenke\",\"publisher\":{\"@id\":\"https:\\\/\\\/conexbooks.de\\\/a\\\/shop\\\/#organization\"},\"potentialAction\":[{\"@type\":\"SearchAction\",\"target\":{\"@type\":\"EntryPoint\",\"urlTemplate\":\"https:\\\/\\\/conexbooks.de\\\/a\\\/shop\\\/?s={search_term_string}\"},\"query-input\":{\"@type\":\"PropertyValueSpecification\",\"valueRequired\":true,\"valueName\":\"search_term_string\"}}],\"inLanguage\":\"de\"},{\"@type\":\"Organization\",\"@id\":\"https:\\\/\\\/conexbooks.de\\\/a\\\/shop\\\/#organization\",\"name\":\"Conex - books and more\",\"url\":\"https:\\\/\\\/conexbooks.de\\\/a\\\/shop\\\/\",\"logo\":{\"@type\":\"ImageObject\",\"inLanguage\":\"de\",\"@id\":\"https:\\\/\\\/conexbooks.de\\\/a\\\/shop\\\/#\\\/schema\\\/logo\\\/image\\\/\",\"url\":\"https:\\\/\\\/conexbooks.de\\\/a\\\/shop\\\/wp-content\\\/uploads\\\/2017\\\/12\\\/co-logo.png\",\"contentUrl\":\"https:\\\/\\\/conexbooks.de\\\/a\\\/shop\\\/wp-content\\\/uploads\\\/2017\\\/12\\\/co-logo.png\",\"width\":243,\"height\":122,\"caption\":\"Conex - books and more\"},\"image\":{\"@id\":\"https:\\\/\\\/conexbooks.de\\\/a\\\/shop\\\/#\\\/schema\\\/logo\\\/image\\\/\"}}]}<\/script>\n<!-- \/ Yoast SEO plugin. -->","yoast_head_json":{"title":"Mach doch was du willst - Conex-Shop","robots":{"index":"index","follow":"follow","max-snippet":"max-snippet:-1","max-image-preview":"max-image-preview:large","max-video-preview":"max-video-preview:-1"},"canonical":"https:\/\/conexbooks.de\/a\/shop\/produkt\/susann-pasztor-klaus-dieter-gens\/","og_locale":"de_DE","og_type":"article","og_title":"Mach doch was du willst - Conex-Shop","og_description":"Susann Pastor &amp; Klaus-Dieter Gens Gewaltfreie Kommunikation am Arbeitsplatz Junfermann Verlag, (dort nur noch als PDF oder E-Book verf\u00fcgbar)  1. Auflage 2005 96 Seiten; kartoniert, Format: 17 cm x 24 cm  &nbsp;","og_url":"https:\/\/conexbooks.de\/a\/shop\/produkt\/susann-pasztor-klaus-dieter-gens\/","og_site_name":"Conex-Shop","article_modified_time":"2026-04-10T10:53:18+00:00","og_image":[{"width":284,"height":400,"url":"https:\/\/conexbooks.de\/a\/shop\/wp-content\/uploads\/2017\/11\/036.jpg","type":"image\/jpeg"}],"twitter_card":"summary_large_image","twitter_misc":{"Gesch\u00e4tzte Lesezeit":"2\u00a0Minuten"},"schema":{"@context":"https:\/\/schema.org","@graph":[{"@type":"WebPage","@id":"https:\/\/conexbooks.de\/a\/shop\/produkt\/susann-pasztor-klaus-dieter-gens\/","url":"https:\/\/conexbooks.de\/a\/shop\/produkt\/susann-pasztor-klaus-dieter-gens\/","name":"Mach doch was du willst - Conex-Shop","isPartOf":{"@id":"https:\/\/conexbooks.de\/a\/shop\/#website"},"primaryImageOfPage":{"@id":"https:\/\/conexbooks.de\/a\/shop\/produkt\/susann-pasztor-klaus-dieter-gens\/#primaryimage"},"image":{"@id":"https:\/\/conexbooks.de\/a\/shop\/produkt\/susann-pasztor-klaus-dieter-gens\/#primaryimage"},"thumbnailUrl":"https:\/\/conexbooks.de\/a\/shop\/wp-content\/uploads\/2017\/11\/036.jpg","datePublished":"2017-11-14T19:09:58+00:00","dateModified":"2026-04-10T10:53:18+00:00","breadcrumb":{"@id":"https:\/\/conexbooks.de\/a\/shop\/produkt\/susann-pasztor-klaus-dieter-gens\/#breadcrumb"},"inLanguage":"de","potentialAction":[{"@type":"ReadAction","target":["https:\/\/conexbooks.de\/a\/shop\/produkt\/susann-pasztor-klaus-dieter-gens\/"]}]},{"@type":"ImageObject","inLanguage":"de","@id":"https:\/\/conexbooks.de\/a\/shop\/produkt\/susann-pasztor-klaus-dieter-gens\/#primaryimage","url":"https:\/\/conexbooks.de\/a\/shop\/wp-content\/uploads\/2017\/11\/036.jpg","contentUrl":"https:\/\/conexbooks.de\/a\/shop\/wp-content\/uploads\/2017\/11\/036.jpg","width":284,"height":400},{"@type":"BreadcrumbList","@id":"https:\/\/conexbooks.de\/a\/shop\/produkt\/susann-pasztor-klaus-dieter-gens\/#breadcrumb","itemListElement":[{"@type":"ListItem","position":1,"name":"Home","item":"https:\/\/conexbooks.de\/a\/shop\/"},{"@type":"ListItem","position":2,"name":"Shop","item":"https:\/\/conexbooks.de\/a\/shop\/shop\/"},{"@type":"ListItem","position":3,"name":"Mach doch was du willst"}]},{"@type":"WebSite","@id":"https:\/\/conexbooks.de\/a\/shop\/#website","url":"https:\/\/conexbooks.de\/a\/shop\/","name":"Conex-Shop","description":"Alles f\u00fcr die gewaltfreie Kommunikation: B\u00fccher, Spiele. Handpuppen Seminarmaterial und Geschenke","publisher":{"@id":"https:\/\/conexbooks.de\/a\/shop\/#organization"},"potentialAction":[{"@type":"SearchAction","target":{"@type":"EntryPoint","urlTemplate":"https:\/\/conexbooks.de\/a\/shop\/?s={search_term_string}"},"query-input":{"@type":"PropertyValueSpecification","valueRequired":true,"valueName":"search_term_string"}}],"inLanguage":"de"},{"@type":"Organization","@id":"https:\/\/conexbooks.de\/a\/shop\/#organization","name":"Conex - books and more","url":"https:\/\/conexbooks.de\/a\/shop\/","logo":{"@type":"ImageObject","inLanguage":"de","@id":"https:\/\/conexbooks.de\/a\/shop\/#\/schema\/logo\/image\/","url":"https:\/\/conexbooks.de\/a\/shop\/wp-content\/uploads\/2017\/12\/co-logo.png","contentUrl":"https:\/\/conexbooks.de\/a\/shop\/wp-content\/uploads\/2017\/12\/co-logo.png","width":243,"height":122,"caption":"Conex - books and more"},"image":{"@id":"https:\/\/conexbooks.de\/a\/shop\/#\/schema\/logo\/image\/"}}]}},"_links":{"self":[{"href":"https:\/\/conexbooks.de\/a\/shop\/wp-json\/wp\/v2\/product\/976","targetHints":{"allow":["GET"]}}],"collection":[{"href":"https:\/\/conexbooks.de\/a\/shop\/wp-json\/wp\/v2\/product"}],"about":[{"href":"https:\/\/conexbooks.de\/a\/shop\/wp-json\/wp\/v2\/types\/product"}],"wp:featuredmedia":[{"embeddable":true,"href":"https:\/\/conexbooks.de\/a\/shop\/wp-json\/wp\/v2\/media\/1309"}],"wp:attachment":[{"href":"https:\/\/conexbooks.de\/a\/shop\/wp-json\/wp\/v2\/media?parent=976"}],"wp:term":[{"taxonomy":"product_brand","embeddable":true,"href":"https:\/\/conexbooks.de\/a\/shop\/wp-json\/wp\/v2\/product_brand?post=976"},{"taxonomy":"product_cat","embeddable":true,"href":"https:\/\/conexbooks.de\/a\/shop\/wp-json\/wp\/v2\/product_cat?post=976"},{"taxonomy":"product_tag","embeddable":true,"href":"https:\/\/conexbooks.de\/a\/shop\/wp-json\/wp\/v2\/product_tag?post=976"}],"curies":[{"name":"wp","href":"https:\/\/api.w.org\/{rel}","templated":true}]}}