{"id":982,"date":"2017-11-14T20:09:59","date_gmt":"2017-11-14T19:09:59","guid":{"rendered":"https:\/\/conexbooks.de\/a\/shop\/wp\/produkt\/als-hoerbuch-von-g-lindemann-v-heim\/"},"modified":"2023-07-31T16:27:22","modified_gmt":"2023-07-31T14:27:22","slug":"als-hoerbuch-von-g-lindemann-v-heim","status":"publish","type":"product","link":"https:\/\/conexbooks.de\/a\/shop\/produkt\/als-hoerbuch-von-g-lindemann-v-heim\/","title":{"rendered":"H\u00f6rbuch: Erfolgsfaktor Menschlichkeit"},"content":{"rendered":"<h4>Erfolgsfaktor Menschlichkeit als <span style=\"color: #ff0000\">H\u00f6rbuch<\/span> von G. Lindemann &amp; V. Heim<\/h4>\n<h4>Wertsch\u00e4tzend f\u00fchren &#8211; wirksam kommunizieren. Ein Praxish\u00f6rbuch<\/h4>\n<p>Soziale Kompetenz f\u00fcr den Berufsalltag<\/p>\n<p>Auf Basis ihrer langj\u00e4hrigen Erfahrungen in Unternehmen haben die Autorinnen das Modell der Gewaltfreien Kommunikation f\u00fcr den Gesch\u00e4ftsalltag anwendbar gemacht.<br \/>\nIn diesem H\u00f6rbuch erfahren Sie, wie Sie Ihren kooperativen und situativen F\u00fchrungsstil weiterentwickeln und wie Sie zu einer Unternehmenskultur beitragen k\u00f6nnen, in der Menschen gerne kooperieren und ihre Handlungsspielr\u00e4ume erweitern. Dadurch schaffen Sie Raum f\u00fcr Initiative, Handlungsf\u00e4higkeit und Win-Win-L\u00f6sungen.<\/p>\n<p>&#8222;Die Autorinnen &#8230; zeigen klar gegliedert und pr\u00e4gnant auf, wie man als F\u00fchrungskraft mit einem effektiven Beziehungsmanagement und wertsch\u00e4tzender Kommunikation viel mehr erreichen kann als mit einem auf rein hierarchischer Macht beruhenden Selbstverst\u00e4ndnis.&#8220;<br \/>\nDorothee Mennicken, www.coaching-literatur.de<\/p>\n<p>&nbsp;<\/p>\n<div id='1' class='widgets_on_page wop_tiny1  wop_small1  wop_medium1  wop_large1  wop_wide1'>\n\t\t\t<ul><li id=\"custom_html-4\" class=\"widget_text widget widget_custom_html\"><div class=\"textwidget custom-html-widget\"><div style=\"text-align:left;\">\r\n<button class = \"button\" style=\"height: 30px; font-size: 0.8em;\" name=\"zuruck\" type=\"button\" onclick=\"history.back()\">Zur\u00fcck zur \u00dcbersicht<\/button><\/div><\/div><\/li><\/ul><\/div><!-- widgets_on_page -->\n","protected":false},"excerpt":{"rendered":"<h3>Vera Heim, Gabriele Lindemann<\/h3>\n<h3>Wertsch\u00e4tzend f\u00fchren &#8211; wirksam kommunizieren. Ein Praxish\u00f6rbuch<\/h3>\n<p>L\u00e4nge: 3 CD, 202 Min.<br \/>\nErschienen: Oktober 2011<br \/>\nISBN: 978-3-86974-092-8<br \/>\nSprecher: Arlett Drexler, Solveig Jeschke, Matthias Rehrl, Claus Vester, Axel Wostry<\/p>\n<p>Soziale Kompetenz f\u00fcr den Berufsalltag<\/p>\n","protected":false},"featured_media":2267,"template":"","meta":[],"product_brand":[],"product_cat":[42],"product_tag":[],"class_list":{"0":"post-982","1":"product","2":"type-product","3":"status-publish","4":"has-post-thumbnail","6":"product_cat-audio","8":"first","9":"outofstock","10":"shipping-taxable","11":"purchasable","12":"product-type-simple"},"yoast_head":"<!-- This site is optimized with the Yoast SEO plugin v27.3 - https:\/\/yoast.com\/product\/yoast-seo-wordpress\/ -->\n<title>H\u00f6rbuch: Erfolgsfaktor Menschlichkeit - Conex-Shop<\/title>\n<meta name=\"robots\" content=\"index, follow, max-snippet:-1, max-image-preview:large, max-video-preview:-1\" \/>\n<link rel=\"canonical\" href=\"https:\/\/conexbooks.de\/a\/shop\/produkt\/als-hoerbuch-von-g-lindemann-v-heim\/\" \/>\n<meta property=\"og:locale\" content=\"de_DE\" \/>\n<meta property=\"og:type\" content=\"article\" \/>\n<meta property=\"og:title\" content=\"H\u00f6rbuch: Erfolgsfaktor Menschlichkeit - Conex-Shop\" \/>\n<meta property=\"og:description\" content=\"Vera Heim, Gabriele Lindemann Wertsch\u00e4tzend f\u00fchren - wirksam kommunizieren. Ein Praxish\u00f6rbuch L\u00e4nge: 3 CD, 202 Min. Erschienen: Oktober 2011 ISBN: 978-3-86974-092-8 Sprecher: Arlett Drexler, Solveig Jeschke, Matthias Rehrl, Claus Vester, Axel Wostry  Soziale Kompetenz f\u00fcr den Berufsalltag\" \/>\n<meta property=\"og:url\" content=\"https:\/\/conexbooks.de\/a\/shop\/produkt\/als-hoerbuch-von-g-lindemann-v-heim\/\" \/>\n<meta property=\"og:site_name\" content=\"Conex-Shop\" \/>\n<meta property=\"article:modified_time\" content=\"2023-07-31T14:27:22+00:00\" \/>\n<meta property=\"og:image\" content=\"https:\/\/conexbooks.de\/a\/shop\/wp-content\/uploads\/2017\/11\/427.png\" \/>\n\t<meta property=\"og:image:width\" content=\"200\" \/>\n\t<meta property=\"og:image:height\" content=\"200\" \/>\n\t<meta property=\"og:image:type\" content=\"image\/png\" \/>\n<meta name=\"twitter:card\" content=\"summary_large_image\" \/>\n<meta name=\"twitter:label1\" content=\"Gesch\u00e4tzte Lesezeit\" \/>\n\t<meta name=\"twitter:data1\" content=\"1\u00a0Minute\" \/>\n<script type=\"application\/ld+json\" class=\"yoast-schema-graph\">{\"@context\":\"https:\\\/\\\/schema.org\",\"@graph\":[{\"@type\":\"WebPage\",\"@id\":\"https:\\\/\\\/conexbooks.de\\\/a\\\/shop\\\/produkt\\\/als-hoerbuch-von-g-lindemann-v-heim\\\/\",\"url\":\"https:\\\/\\\/conexbooks.de\\\/a\\\/shop\\\/produkt\\\/als-hoerbuch-von-g-lindemann-v-heim\\\/\",\"name\":\"H\u00f6rbuch: Erfolgsfaktor Menschlichkeit - Conex-Shop\",\"isPartOf\":{\"@id\":\"https:\\\/\\\/conexbooks.de\\\/a\\\/shop\\\/#website\"},\"primaryImageOfPage\":{\"@id\":\"https:\\\/\\\/conexbooks.de\\\/a\\\/shop\\\/produkt\\\/als-hoerbuch-von-g-lindemann-v-heim\\\/#primaryimage\"},\"image\":{\"@id\":\"https:\\\/\\\/conexbooks.de\\\/a\\\/shop\\\/produkt\\\/als-hoerbuch-von-g-lindemann-v-heim\\\/#primaryimage\"},\"thumbnailUrl\":\"https:\\\/\\\/conexbooks.de\\\/a\\\/shop\\\/wp-content\\\/uploads\\\/2017\\\/11\\\/427.png\",\"datePublished\":\"2017-11-14T19:09:59+00:00\",\"dateModified\":\"2023-07-31T14:27:22+00:00\",\"breadcrumb\":{\"@id\":\"https:\\\/\\\/conexbooks.de\\\/a\\\/shop\\\/produkt\\\/als-hoerbuch-von-g-lindemann-v-heim\\\/#breadcrumb\"},\"inLanguage\":\"de\",\"potentialAction\":[{\"@type\":\"ReadAction\",\"target\":[\"https:\\\/\\\/conexbooks.de\\\/a\\\/shop\\\/produkt\\\/als-hoerbuch-von-g-lindemann-v-heim\\\/\"]}]},{\"@type\":\"ImageObject\",\"inLanguage\":\"de\",\"@id\":\"https:\\\/\\\/conexbooks.de\\\/a\\\/shop\\\/produkt\\\/als-hoerbuch-von-g-lindemann-v-heim\\\/#primaryimage\",\"url\":\"https:\\\/\\\/conexbooks.de\\\/a\\\/shop\\\/wp-content\\\/uploads\\\/2017\\\/11\\\/427.png\",\"contentUrl\":\"https:\\\/\\\/conexbooks.de\\\/a\\\/shop\\\/wp-content\\\/uploads\\\/2017\\\/11\\\/427.png\",\"width\":200,\"height\":200},{\"@type\":\"BreadcrumbList\",\"@id\":\"https:\\\/\\\/conexbooks.de\\\/a\\\/shop\\\/produkt\\\/als-hoerbuch-von-g-lindemann-v-heim\\\/#breadcrumb\",\"itemListElement\":[{\"@type\":\"ListItem\",\"position\":1,\"name\":\"Home\",\"item\":\"https:\\\/\\\/conexbooks.de\\\/a\\\/shop\\\/\"},{\"@type\":\"ListItem\",\"position\":2,\"name\":\"Shop\",\"item\":\"https:\\\/\\\/conexbooks.de\\\/a\\\/shop\\\/shop\\\/\"},{\"@type\":\"ListItem\",\"position\":3,\"name\":\"H\u00f6rbuch: Erfolgsfaktor Menschlichkeit\"}]},{\"@type\":\"WebSite\",\"@id\":\"https:\\\/\\\/conexbooks.de\\\/a\\\/shop\\\/#website\",\"url\":\"https:\\\/\\\/conexbooks.de\\\/a\\\/shop\\\/\",\"name\":\"Conex-Shop\",\"description\":\"Alles f\u00fcr die gewaltfreie Kommunikation: B\u00fccher, Spiele. Handpuppen Seminarmaterial und Geschenke\",\"publisher\":{\"@id\":\"https:\\\/\\\/conexbooks.de\\\/a\\\/shop\\\/#organization\"},\"potentialAction\":[{\"@type\":\"SearchAction\",\"target\":{\"@type\":\"EntryPoint\",\"urlTemplate\":\"https:\\\/\\\/conexbooks.de\\\/a\\\/shop\\\/?s={search_term_string}\"},\"query-input\":{\"@type\":\"PropertyValueSpecification\",\"valueRequired\":true,\"valueName\":\"search_term_string\"}}],\"inLanguage\":\"de\"},{\"@type\":\"Organization\",\"@id\":\"https:\\\/\\\/conexbooks.de\\\/a\\\/shop\\\/#organization\",\"name\":\"Conex - books and more\",\"url\":\"https:\\\/\\\/conexbooks.de\\\/a\\\/shop\\\/\",\"logo\":{\"@type\":\"ImageObject\",\"inLanguage\":\"de\",\"@id\":\"https:\\\/\\\/conexbooks.de\\\/a\\\/shop\\\/#\\\/schema\\\/logo\\\/image\\\/\",\"url\":\"https:\\\/\\\/conexbooks.de\\\/a\\\/shop\\\/wp-content\\\/uploads\\\/2017\\\/12\\\/co-logo.png\",\"contentUrl\":\"https:\\\/\\\/conexbooks.de\\\/a\\\/shop\\\/wp-content\\\/uploads\\\/2017\\\/12\\\/co-logo.png\",\"width\":243,\"height\":122,\"caption\":\"Conex - books and more\"},\"image\":{\"@id\":\"https:\\\/\\\/conexbooks.de\\\/a\\\/shop\\\/#\\\/schema\\\/logo\\\/image\\\/\"}}]}<\/script>\n<!-- \/ Yoast SEO plugin. -->","yoast_head_json":{"title":"H\u00f6rbuch: Erfolgsfaktor Menschlichkeit - Conex-Shop","robots":{"index":"index","follow":"follow","max-snippet":"max-snippet:-1","max-image-preview":"max-image-preview:large","max-video-preview":"max-video-preview:-1"},"canonical":"https:\/\/conexbooks.de\/a\/shop\/produkt\/als-hoerbuch-von-g-lindemann-v-heim\/","og_locale":"de_DE","og_type":"article","og_title":"H\u00f6rbuch: Erfolgsfaktor Menschlichkeit - Conex-Shop","og_description":"Vera Heim, Gabriele Lindemann Wertsch\u00e4tzend f\u00fchren - wirksam kommunizieren. Ein Praxish\u00f6rbuch L\u00e4nge: 3 CD, 202 Min. Erschienen: Oktober 2011 ISBN: 978-3-86974-092-8 Sprecher: Arlett Drexler, Solveig Jeschke, Matthias Rehrl, Claus Vester, Axel Wostry  Soziale Kompetenz f\u00fcr den Berufsalltag","og_url":"https:\/\/conexbooks.de\/a\/shop\/produkt\/als-hoerbuch-von-g-lindemann-v-heim\/","og_site_name":"Conex-Shop","article_modified_time":"2023-07-31T14:27:22+00:00","og_image":[{"width":200,"height":200,"url":"https:\/\/conexbooks.de\/a\/shop\/wp-content\/uploads\/2017\/11\/427.png","type":"image\/png"}],"twitter_card":"summary_large_image","twitter_misc":{"Gesch\u00e4tzte Lesezeit":"1\u00a0Minute"},"schema":{"@context":"https:\/\/schema.org","@graph":[{"@type":"WebPage","@id":"https:\/\/conexbooks.de\/a\/shop\/produkt\/als-hoerbuch-von-g-lindemann-v-heim\/","url":"https:\/\/conexbooks.de\/a\/shop\/produkt\/als-hoerbuch-von-g-lindemann-v-heim\/","name":"H\u00f6rbuch: Erfolgsfaktor Menschlichkeit - Conex-Shop","isPartOf":{"@id":"https:\/\/conexbooks.de\/a\/shop\/#website"},"primaryImageOfPage":{"@id":"https:\/\/conexbooks.de\/a\/shop\/produkt\/als-hoerbuch-von-g-lindemann-v-heim\/#primaryimage"},"image":{"@id":"https:\/\/conexbooks.de\/a\/shop\/produkt\/als-hoerbuch-von-g-lindemann-v-heim\/#primaryimage"},"thumbnailUrl":"https:\/\/conexbooks.de\/a\/shop\/wp-content\/uploads\/2017\/11\/427.png","datePublished":"2017-11-14T19:09:59+00:00","dateModified":"2023-07-31T14:27:22+00:00","breadcrumb":{"@id":"https:\/\/conexbooks.de\/a\/shop\/produkt\/als-hoerbuch-von-g-lindemann-v-heim\/#breadcrumb"},"inLanguage":"de","potentialAction":[{"@type":"ReadAction","target":["https:\/\/conexbooks.de\/a\/shop\/produkt\/als-hoerbuch-von-g-lindemann-v-heim\/"]}]},{"@type":"ImageObject","inLanguage":"de","@id":"https:\/\/conexbooks.de\/a\/shop\/produkt\/als-hoerbuch-von-g-lindemann-v-heim\/#primaryimage","url":"https:\/\/conexbooks.de\/a\/shop\/wp-content\/uploads\/2017\/11\/427.png","contentUrl":"https:\/\/conexbooks.de\/a\/shop\/wp-content\/uploads\/2017\/11\/427.png","width":200,"height":200},{"@type":"BreadcrumbList","@id":"https:\/\/conexbooks.de\/a\/shop\/produkt\/als-hoerbuch-von-g-lindemann-v-heim\/#breadcrumb","itemListElement":[{"@type":"ListItem","position":1,"name":"Home","item":"https:\/\/conexbooks.de\/a\/shop\/"},{"@type":"ListItem","position":2,"name":"Shop","item":"https:\/\/conexbooks.de\/a\/shop\/shop\/"},{"@type":"ListItem","position":3,"name":"H\u00f6rbuch: Erfolgsfaktor Menschlichkeit"}]},{"@type":"WebSite","@id":"https:\/\/conexbooks.de\/a\/shop\/#website","url":"https:\/\/conexbooks.de\/a\/shop\/","name":"Conex-Shop","description":"Alles f\u00fcr die gewaltfreie Kommunikation: B\u00fccher, Spiele. Handpuppen Seminarmaterial und Geschenke","publisher":{"@id":"https:\/\/conexbooks.de\/a\/shop\/#organization"},"potentialAction":[{"@type":"SearchAction","target":{"@type":"EntryPoint","urlTemplate":"https:\/\/conexbooks.de\/a\/shop\/?s={search_term_string}"},"query-input":{"@type":"PropertyValueSpecification","valueRequired":true,"valueName":"search_term_string"}}],"inLanguage":"de"},{"@type":"Organization","@id":"https:\/\/conexbooks.de\/a\/shop\/#organization","name":"Conex - books and more","url":"https:\/\/conexbooks.de\/a\/shop\/","logo":{"@type":"ImageObject","inLanguage":"de","@id":"https:\/\/conexbooks.de\/a\/shop\/#\/schema\/logo\/image\/","url":"https:\/\/conexbooks.de\/a\/shop\/wp-content\/uploads\/2017\/12\/co-logo.png","contentUrl":"https:\/\/conexbooks.de\/a\/shop\/wp-content\/uploads\/2017\/12\/co-logo.png","width":243,"height":122,"caption":"Conex - books and more"},"image":{"@id":"https:\/\/conexbooks.de\/a\/shop\/#\/schema\/logo\/image\/"}}]}},"_links":{"self":[{"href":"https:\/\/conexbooks.de\/a\/shop\/wp-json\/wp\/v2\/product\/982","targetHints":{"allow":["GET"]}}],"collection":[{"href":"https:\/\/conexbooks.de\/a\/shop\/wp-json\/wp\/v2\/product"}],"about":[{"href":"https:\/\/conexbooks.de\/a\/shop\/wp-json\/wp\/v2\/types\/product"}],"wp:featuredmedia":[{"embeddable":true,"href":"https:\/\/conexbooks.de\/a\/shop\/wp-json\/wp\/v2\/media\/2267"}],"wp:attachment":[{"href":"https:\/\/conexbooks.de\/a\/shop\/wp-json\/wp\/v2\/media?parent=982"}],"wp:term":[{"taxonomy":"product_brand","embeddable":true,"href":"https:\/\/conexbooks.de\/a\/shop\/wp-json\/wp\/v2\/product_brand?post=982"},{"taxonomy":"product_cat","embeddable":true,"href":"https:\/\/conexbooks.de\/a\/shop\/wp-json\/wp\/v2\/product_cat?post=982"},{"taxonomy":"product_tag","embeddable":true,"href":"https:\/\/conexbooks.de\/a\/shop\/wp-json\/wp\/v2\/product_tag?post=982"}],"curies":[{"name":"wp","href":"https:\/\/api.w.org\/{rel}","templated":true}]}}