{"id":983,"date":"2017-11-14T20:09:59","date_gmt":"2017-11-14T19:09:59","guid":{"rendered":"https:\/\/conexbooks.de\/a\/shop\/wp\/produkt\/spiel-nach-der-art-eines-memorys-48-karten-paare-2\/"},"modified":"2025-11-11T20:12:26","modified_gmt":"2025-11-11T19:12:26","slug":"spiel-nach-der-art-eines-memorys-48-karten-paare-2","status":"publish","type":"product","link":"https:\/\/conexbooks.de\/a\/shop\/produkt\/spiel-nach-der-art-eines-memorys-48-karten-paare-2\/","title":{"rendered":"Spiel der Gef\u00fchle (mit Gef\u00fchlsbegriffen in 6 Sprachen)"},"content":{"rendered":"<h4>Spiel der Gef\u00fchle<\/h4>\n<p>Das alte Memory-Spiel in neuem Outfit: als Spielkarten-Set in einer Klarsichtbox.<\/p>\n<p>46 Karten, die vom <strong>Karrikaturisten Wolf Schrader aus Berlin<\/strong> gezeichnet wurden, stellen Gef\u00fchle dar. Dazu gibt es nochmals 46 Karten mit den dazu geh\u00f6rigen Gef\u00fchlsbezeichungen in sechs verschiedenen Sprachen (deutsch, englisch, hocharabisch, russisch, t\u00fcrkisch, vietnamesisch).<\/p>\n<p>Finden Sie die passenden Paare? Manche sind ganz eindeutig, bei einigen kommt man ins Gr\u00fcbeln und Diskutieren: ist das traurig oder doch schon verzweifelt; fr\u00f6hlich oder ausgelassen? Gibt es Unstimmigkeiten, wird verhandelt. Und schon ist man bei dem <strong>Sinn des Spiels<\/strong>: \u00fcber Gef\u00fchle, ihre Vielf\u00e4ltigkeit und unterschiedliche Wahrnehmung ins Gespr\u00e4ch zu kommen.<\/p>\n<p>Besonders bei Kindern, die \u00fcber gef\u00fchle nicht gut sprechen k\u00f6nnen oder auch die Vielfalt der Beschreibungen von Gef\u00fchlen nicht so gut knnen, wird hiermit ein gute Br\u00fccke gebaut.<\/p>\n<p>Gut zu spielen in Familie, Kindergarten, Schule, Jugendgruppen und mit allen Menschen, die Spa\u00df am Spielen haben. Das Memory ist auch f\u00fcr den Einsatz in der Mediation, Supervision oder Beratung und Sprachf\u00f6rderung gut geeignet.<\/p>\n<p>Weitere Anregungen finden Sie in der Spielanleitung.<\/p>\n<div id='1' class='widgets_on_page wop_tiny1  wop_small1  wop_medium1  wop_large1  wop_wide1'>\n\t\t\t<ul><li id=\"custom_html-4\" class=\"widget_text widget widget_custom_html\"><div class=\"textwidget custom-html-widget\"><div style=\"text-align:left;\">\r\n<button class = \"button\" style=\"height: 30px; font-size: 0.8em;\" name=\"zuruck\" type=\"button\" onclick=\"history.back()\">Zur\u00fcck zur \u00dcbersicht<\/button><\/div><\/div><\/li><\/ul><\/div><!-- widgets_on_page -->\n","protected":false},"excerpt":{"rendered":"<h3>Memory-Spiel<\/h3>\n<p><strong>Inhalt:<\/strong><\/p>\n<ul>\n<li>2 x 46 Spielkarten in einer stabilen Klarsichtbox (Spielkartengr\u00f6\u00dfe)<\/li>\n<\/ul>\n<p>Herausgeber: CVJM Familienarbeit Mitteldeutschland e.V.<\/p>\n","protected":false},"featured_media":20960,"template":"","meta":[],"product_brand":[],"product_cat":[45,38,56,41,51,47,46],"product_tag":[83,121,296,63,295,111,140,171,164,165,172,297,170],"class_list":{"0":"post-983","1":"product","2":"type-product","3":"status-publish","4":"has-post-thumbnail","6":"product_cat-arbeit-sonstiges","7":"product_cat-beziehung-familie","8":"product_cat-geschenke","9":"product_cat-schule-kita","10":"product_cat-seminarmaterial","11":"product_cat-sonstiges","12":"product_cat-spiele","13":"product_tag-familie","14":"product_tag-gefuehle","15":"product_tag-gefuehlskompetenz","16":"product_tag-grundschule","17":"product_tag-kartenspiel","18":"product_tag-kinder","19":"product_tag-kindergarten","20":"product_tag-mediation-beratung","21":"product_tag-memory","22":"product_tag-spiel","23":"product_tag-supervision","24":"product_tag-ueber-gefuehle-reden","25":"product_tag-wahrnehmung-von-gefuehlen","27":"first","28":"instock","29":"shipping-taxable","30":"purchasable","31":"product-type-simple"},"yoast_head":"<!-- This site is optimized with the Yoast SEO plugin v27.4 - https:\/\/yoast.com\/product\/yoast-seo-wordpress\/ -->\n<title>Spiel der Gef\u00fchle (mit Gef\u00fchlsbegriffen in 6 Sprachen) - Conex-Shop<\/title>\n<meta name=\"robots\" content=\"index, follow, max-snippet:-1, max-image-preview:large, max-video-preview:-1\" \/>\n<link rel=\"canonical\" href=\"https:\/\/conexbooks.de\/a\/shop\/produkt\/spiel-nach-der-art-eines-memorys-48-karten-paare-2\/\" \/>\n<meta property=\"og:locale\" content=\"de_DE\" \/>\n<meta property=\"og:type\" content=\"article\" \/>\n<meta property=\"og:title\" content=\"Spiel der Gef\u00fchle (mit Gef\u00fchlsbegriffen in 6 Sprachen) - Conex-Shop\" \/>\n<meta property=\"og:description\" content=\"Memory-Spiel Inhalt:   2 x 46 Spielkarten in einer stabilen Klarsichtbox (Spielkartengr\u00f6\u00dfe)  Herausgeber: CVJM Familienarbeit Mitteldeutschland e.V.\" \/>\n<meta property=\"og:url\" content=\"https:\/\/conexbooks.de\/a\/shop\/produkt\/spiel-nach-der-art-eines-memorys-48-karten-paare-2\/\" \/>\n<meta property=\"og:site_name\" content=\"Conex-Shop\" \/>\n<meta property=\"article:modified_time\" content=\"2025-11-11T19:12:26+00:00\" \/>\n<meta property=\"og:image\" content=\"https:\/\/conexbooks.de\/a\/shop\/wp-content\/uploads\/2017\/11\/610.png\" \/>\n\t<meta property=\"og:image:width\" content=\"599\" \/>\n\t<meta property=\"og:image:height\" content=\"400\" \/>\n\t<meta property=\"og:image:type\" content=\"image\/png\" \/>\n<meta name=\"twitter:card\" content=\"summary_large_image\" \/>\n<meta name=\"twitter:label1\" content=\"Gesch\u00e4tzte Lesezeit\" \/>\n\t<meta name=\"twitter:data1\" content=\"2\u00a0Minuten\" \/>\n<script type=\"application\/ld+json\" class=\"yoast-schema-graph\">{\"@context\":\"https:\\\/\\\/schema.org\",\"@graph\":[{\"@type\":\"WebPage\",\"@id\":\"https:\\\/\\\/conexbooks.de\\\/a\\\/shop\\\/produkt\\\/spiel-nach-der-art-eines-memorys-48-karten-paare-2\\\/\",\"url\":\"https:\\\/\\\/conexbooks.de\\\/a\\\/shop\\\/produkt\\\/spiel-nach-der-art-eines-memorys-48-karten-paare-2\\\/\",\"name\":\"Spiel der Gef\u00fchle (mit Gef\u00fchlsbegriffen in 6 Sprachen) - Conex-Shop\",\"isPartOf\":{\"@id\":\"https:\\\/\\\/conexbooks.de\\\/a\\\/shop\\\/#website\"},\"primaryImageOfPage\":{\"@id\":\"https:\\\/\\\/conexbooks.de\\\/a\\\/shop\\\/produkt\\\/spiel-nach-der-art-eines-memorys-48-karten-paare-2\\\/#primaryimage\"},\"image\":{\"@id\":\"https:\\\/\\\/conexbooks.de\\\/a\\\/shop\\\/produkt\\\/spiel-nach-der-art-eines-memorys-48-karten-paare-2\\\/#primaryimage\"},\"thumbnailUrl\":\"https:\\\/\\\/conexbooks.de\\\/a\\\/shop\\\/wp-content\\\/uploads\\\/2017\\\/11\\\/610.png\",\"datePublished\":\"2017-11-14T19:09:59+00:00\",\"dateModified\":\"2025-11-11T19:12:26+00:00\",\"breadcrumb\":{\"@id\":\"https:\\\/\\\/conexbooks.de\\\/a\\\/shop\\\/produkt\\\/spiel-nach-der-art-eines-memorys-48-karten-paare-2\\\/#breadcrumb\"},\"inLanguage\":\"de\",\"potentialAction\":[{\"@type\":\"ReadAction\",\"target\":[\"https:\\\/\\\/conexbooks.de\\\/a\\\/shop\\\/produkt\\\/spiel-nach-der-art-eines-memorys-48-karten-paare-2\\\/\"]}]},{\"@type\":\"ImageObject\",\"inLanguage\":\"de\",\"@id\":\"https:\\\/\\\/conexbooks.de\\\/a\\\/shop\\\/produkt\\\/spiel-nach-der-art-eines-memorys-48-karten-paare-2\\\/#primaryimage\",\"url\":\"https:\\\/\\\/conexbooks.de\\\/a\\\/shop\\\/wp-content\\\/uploads\\\/2017\\\/11\\\/610.png\",\"contentUrl\":\"https:\\\/\\\/conexbooks.de\\\/a\\\/shop\\\/wp-content\\\/uploads\\\/2017\\\/11\\\/610.png\",\"width\":599,\"height\":400},{\"@type\":\"BreadcrumbList\",\"@id\":\"https:\\\/\\\/conexbooks.de\\\/a\\\/shop\\\/produkt\\\/spiel-nach-der-art-eines-memorys-48-karten-paare-2\\\/#breadcrumb\",\"itemListElement\":[{\"@type\":\"ListItem\",\"position\":1,\"name\":\"Home\",\"item\":\"https:\\\/\\\/conexbooks.de\\\/a\\\/shop\\\/\"},{\"@type\":\"ListItem\",\"position\":2,\"name\":\"Shop\",\"item\":\"https:\\\/\\\/conexbooks.de\\\/a\\\/shop\\\/shop\\\/\"},{\"@type\":\"ListItem\",\"position\":3,\"name\":\"Spiel der Gef\u00fchle (mit Gef\u00fchlsbegriffen in 6 Sprachen)\"}]},{\"@type\":\"WebSite\",\"@id\":\"https:\\\/\\\/conexbooks.de\\\/a\\\/shop\\\/#website\",\"url\":\"https:\\\/\\\/conexbooks.de\\\/a\\\/shop\\\/\",\"name\":\"Conex-Shop\",\"description\":\"Alles f\u00fcr die gewaltfreie Kommunikation: B\u00fccher, Spiele. Handpuppen Seminarmaterial und Geschenke\",\"publisher\":{\"@id\":\"https:\\\/\\\/conexbooks.de\\\/a\\\/shop\\\/#organization\"},\"potentialAction\":[{\"@type\":\"SearchAction\",\"target\":{\"@type\":\"EntryPoint\",\"urlTemplate\":\"https:\\\/\\\/conexbooks.de\\\/a\\\/shop\\\/?s={search_term_string}\"},\"query-input\":{\"@type\":\"PropertyValueSpecification\",\"valueRequired\":true,\"valueName\":\"search_term_string\"}}],\"inLanguage\":\"de\"},{\"@type\":\"Organization\",\"@id\":\"https:\\\/\\\/conexbooks.de\\\/a\\\/shop\\\/#organization\",\"name\":\"Conex - books and more\",\"url\":\"https:\\\/\\\/conexbooks.de\\\/a\\\/shop\\\/\",\"logo\":{\"@type\":\"ImageObject\",\"inLanguage\":\"de\",\"@id\":\"https:\\\/\\\/conexbooks.de\\\/a\\\/shop\\\/#\\\/schema\\\/logo\\\/image\\\/\",\"url\":\"https:\\\/\\\/conexbooks.de\\\/a\\\/shop\\\/wp-content\\\/uploads\\\/2017\\\/12\\\/co-logo.png\",\"contentUrl\":\"https:\\\/\\\/conexbooks.de\\\/a\\\/shop\\\/wp-content\\\/uploads\\\/2017\\\/12\\\/co-logo.png\",\"width\":243,\"height\":122,\"caption\":\"Conex - books and more\"},\"image\":{\"@id\":\"https:\\\/\\\/conexbooks.de\\\/a\\\/shop\\\/#\\\/schema\\\/logo\\\/image\\\/\"}}]}<\/script>\n<!-- \/ Yoast SEO plugin. -->","yoast_head_json":{"title":"Spiel der Gef\u00fchle (mit Gef\u00fchlsbegriffen in 6 Sprachen) - Conex-Shop","robots":{"index":"index","follow":"follow","max-snippet":"max-snippet:-1","max-image-preview":"max-image-preview:large","max-video-preview":"max-video-preview:-1"},"canonical":"https:\/\/conexbooks.de\/a\/shop\/produkt\/spiel-nach-der-art-eines-memorys-48-karten-paare-2\/","og_locale":"de_DE","og_type":"article","og_title":"Spiel der Gef\u00fchle (mit Gef\u00fchlsbegriffen in 6 Sprachen) - Conex-Shop","og_description":"Memory-Spiel Inhalt:   2 x 46 Spielkarten in einer stabilen Klarsichtbox (Spielkartengr\u00f6\u00dfe)  Herausgeber: CVJM Familienarbeit Mitteldeutschland e.V.","og_url":"https:\/\/conexbooks.de\/a\/shop\/produkt\/spiel-nach-der-art-eines-memorys-48-karten-paare-2\/","og_site_name":"Conex-Shop","article_modified_time":"2025-11-11T19:12:26+00:00","og_image":[{"width":599,"height":400,"url":"https:\/\/conexbooks.de\/a\/shop\/wp-content\/uploads\/2017\/11\/610.png","type":"image\/png"}],"twitter_card":"summary_large_image","twitter_misc":{"Gesch\u00e4tzte Lesezeit":"2\u00a0Minuten"},"schema":{"@context":"https:\/\/schema.org","@graph":[{"@type":"WebPage","@id":"https:\/\/conexbooks.de\/a\/shop\/produkt\/spiel-nach-der-art-eines-memorys-48-karten-paare-2\/","url":"https:\/\/conexbooks.de\/a\/shop\/produkt\/spiel-nach-der-art-eines-memorys-48-karten-paare-2\/","name":"Spiel der Gef\u00fchle (mit Gef\u00fchlsbegriffen in 6 Sprachen) - Conex-Shop","isPartOf":{"@id":"https:\/\/conexbooks.de\/a\/shop\/#website"},"primaryImageOfPage":{"@id":"https:\/\/conexbooks.de\/a\/shop\/produkt\/spiel-nach-der-art-eines-memorys-48-karten-paare-2\/#primaryimage"},"image":{"@id":"https:\/\/conexbooks.de\/a\/shop\/produkt\/spiel-nach-der-art-eines-memorys-48-karten-paare-2\/#primaryimage"},"thumbnailUrl":"https:\/\/conexbooks.de\/a\/shop\/wp-content\/uploads\/2017\/11\/610.png","datePublished":"2017-11-14T19:09:59+00:00","dateModified":"2025-11-11T19:12:26+00:00","breadcrumb":{"@id":"https:\/\/conexbooks.de\/a\/shop\/produkt\/spiel-nach-der-art-eines-memorys-48-karten-paare-2\/#breadcrumb"},"inLanguage":"de","potentialAction":[{"@type":"ReadAction","target":["https:\/\/conexbooks.de\/a\/shop\/produkt\/spiel-nach-der-art-eines-memorys-48-karten-paare-2\/"]}]},{"@type":"ImageObject","inLanguage":"de","@id":"https:\/\/conexbooks.de\/a\/shop\/produkt\/spiel-nach-der-art-eines-memorys-48-karten-paare-2\/#primaryimage","url":"https:\/\/conexbooks.de\/a\/shop\/wp-content\/uploads\/2017\/11\/610.png","contentUrl":"https:\/\/conexbooks.de\/a\/shop\/wp-content\/uploads\/2017\/11\/610.png","width":599,"height":400},{"@type":"BreadcrumbList","@id":"https:\/\/conexbooks.de\/a\/shop\/produkt\/spiel-nach-der-art-eines-memorys-48-karten-paare-2\/#breadcrumb","itemListElement":[{"@type":"ListItem","position":1,"name":"Home","item":"https:\/\/conexbooks.de\/a\/shop\/"},{"@type":"ListItem","position":2,"name":"Shop","item":"https:\/\/conexbooks.de\/a\/shop\/shop\/"},{"@type":"ListItem","position":3,"name":"Spiel der Gef\u00fchle (mit Gef\u00fchlsbegriffen in 6 Sprachen)"}]},{"@type":"WebSite","@id":"https:\/\/conexbooks.de\/a\/shop\/#website","url":"https:\/\/conexbooks.de\/a\/shop\/","name":"Conex-Shop","description":"Alles f\u00fcr die gewaltfreie Kommunikation: B\u00fccher, Spiele. Handpuppen Seminarmaterial und Geschenke","publisher":{"@id":"https:\/\/conexbooks.de\/a\/shop\/#organization"},"potentialAction":[{"@type":"SearchAction","target":{"@type":"EntryPoint","urlTemplate":"https:\/\/conexbooks.de\/a\/shop\/?s={search_term_string}"},"query-input":{"@type":"PropertyValueSpecification","valueRequired":true,"valueName":"search_term_string"}}],"inLanguage":"de"},{"@type":"Organization","@id":"https:\/\/conexbooks.de\/a\/shop\/#organization","name":"Conex - books and more","url":"https:\/\/conexbooks.de\/a\/shop\/","logo":{"@type":"ImageObject","inLanguage":"de","@id":"https:\/\/conexbooks.de\/a\/shop\/#\/schema\/logo\/image\/","url":"https:\/\/conexbooks.de\/a\/shop\/wp-content\/uploads\/2017\/12\/co-logo.png","contentUrl":"https:\/\/conexbooks.de\/a\/shop\/wp-content\/uploads\/2017\/12\/co-logo.png","width":243,"height":122,"caption":"Conex - books and more"},"image":{"@id":"https:\/\/conexbooks.de\/a\/shop\/#\/schema\/logo\/image\/"}}]}},"_links":{"self":[{"href":"https:\/\/conexbooks.de\/a\/shop\/wp-json\/wp\/v2\/product\/983","targetHints":{"allow":["GET"]}}],"collection":[{"href":"https:\/\/conexbooks.de\/a\/shop\/wp-json\/wp\/v2\/product"}],"about":[{"href":"https:\/\/conexbooks.de\/a\/shop\/wp-json\/wp\/v2\/types\/product"}],"wp:featuredmedia":[{"embeddable":true,"href":"https:\/\/conexbooks.de\/a\/shop\/wp-json\/wp\/v2\/media\/20960"}],"wp:attachment":[{"href":"https:\/\/conexbooks.de\/a\/shop\/wp-json\/wp\/v2\/media?parent=983"}],"wp:term":[{"taxonomy":"product_brand","embeddable":true,"href":"https:\/\/conexbooks.de\/a\/shop\/wp-json\/wp\/v2\/product_brand?post=983"},{"taxonomy":"product_cat","embeddable":true,"href":"https:\/\/conexbooks.de\/a\/shop\/wp-json\/wp\/v2\/product_cat?post=983"},{"taxonomy":"product_tag","embeddable":true,"href":"https:\/\/conexbooks.de\/a\/shop\/wp-json\/wp\/v2\/product_tag?post=983"}],"curies":[{"name":"wp","href":"https:\/\/api.w.org\/{rel}","templated":true}]}}