{"id":9857,"date":"2019-03-26T15:42:06","date_gmt":"2019-03-26T14:42:06","guid":{"rendered":"https:\/\/conexbooks.de\/a\/shop\/?post_type=product&#038;p=9857"},"modified":"2024-02-29T19:15:34","modified_gmt":"2024-02-29T18:15:34","slug":"lob-und-anerkennung-frei-von-manipulation","status":"publish","type":"product","link":"https:\/\/conexbooks.de\/a\/shop\/produkt\/lob-und-anerkennung-frei-von-manipulation\/","title":{"rendered":"Lob und Anerkennung  &#8230; frei von Manipulation"},"content":{"rendered":"<h2>Lob und Anerkennung &#8230; frei von Manipulation<\/h2>\n<p><i>\u00bbSpitze!\u00ab, \u00bbGute Arbeit!\u00ab, \u00bbDas hast du toll gemacht!\u00ab <\/i><\/p>\n<p>\u2026 solche S\u00e4tze h\u00f6rt wohl jeder gern, doch lauert dahinter nicht die Erwartung, dass man noch mehr leistet? Lob ist nicht gleich Lob. Wie lobt man einen Ehemann, der wieder freiwillig ins Fitnessstudio geht? Mit welchen Worten motivieren wir einen Mitarbeiter, ohne Druck weiterhin seine gute Leistung abzurufen? Und wie zeigen wir unsere ehrliche Anerkennung und Wertsch\u00e4tzung gegen\u00fcber der Freundin, die gestern ein offenes Ohr f\u00fcr uns hatte?<\/p>\n<p>Die erfahrene Kommunikationstrainerin <b>Claudia Fabian<\/b> verdeutlicht anhand vieler Beispiele, weshalb Lob nicht nur Anerkennung und Respekt ausdr\u00fccken, sondern auch nervend, manipulativ und unangenehm sein kann. Anschaulich deckt sie die vielen Arten des Lobens auf \u2013 vom Leistungslob bis hin zum Lob nach dem \u00bbGie\u00dfkannenprinzip\u00ab \u2013 und zeigt uns \u00dcbungen und M\u00f6glichkeiten, die kleinen Fallen in der allt\u00e4glichen Kommunikation zu umgehen.<\/p>\n<p>Damit ist der Weg frei f\u00fcr ein wertsch\u00e4tzendes und ehrliches Lob, bei dem wir echte Herzensverbindung erschaffen.<br \/>\nWahre Anerkennung ist sehr viel mehr als ein \u00bbGut gemacht!\u00ab.<\/p>\n<p>&nbsp;<\/p>\n<div id='1' class='widgets_on_page wop_tiny1  wop_small1  wop_medium1  wop_large1  wop_wide1'>\n\t\t\t<ul><li id=\"custom_html-4\" class=\"widget_text widget widget_custom_html\"><div class=\"textwidget custom-html-widget\"><div style=\"text-align:left;\">\r\n<button class = \"button\" style=\"height: 30px; font-size: 0.8em;\" name=\"zuruck\" type=\"button\" onclick=\"history.back()\">Zur\u00fcck zur \u00dcbersicht<\/button><\/div><\/div><\/li><\/ul><\/div><!-- widgets_on_page -->\n","protected":false},"excerpt":{"rendered":"<h3>Lob und Anerkennung &#8230; frei von Manipulation<\/h3>\n<h3>Claudia Fabian<\/h3>\n<p>Schirner Verlag Juni 2018<\/p>\n<p>128 Seiten, broschiert, farbig, mit Abbildungen, 17,5 x 13,5 cm<\/p>\n","protected":false},"featured_media":9858,"template":"","meta":[],"product_brand":[],"product_cat":[40,39],"product_tag":[80,81,79],"class_list":{"0":"post-9857","1":"product","2":"type-product","3":"status-publish","4":"has-post-thumbnail","6":"product_cat-grundlagen","7":"product_cat-persoenliche-entwicklung","8":"product_tag-annerkennung","9":"product_tag-dank","10":"product_tag-lob","12":"first","13":"instock","14":"shipping-taxable","15":"purchasable","16":"product-type-simple"},"yoast_head":"<!-- This site is optimized with the Yoast SEO plugin v27.4 - https:\/\/yoast.com\/product\/yoast-seo-wordpress\/ -->\n<title>Lob und Anerkennung ... frei von Manipulation - Conex-Shop<\/title>\n<meta name=\"robots\" content=\"index, follow, max-snippet:-1, max-image-preview:large, max-video-preview:-1\" \/>\n<link rel=\"canonical\" href=\"https:\/\/conexbooks.de\/a\/shop\/produkt\/lob-und-anerkennung-frei-von-manipulation\/\" \/>\n<meta property=\"og:locale\" content=\"de_DE\" \/>\n<meta property=\"og:type\" content=\"article\" \/>\n<meta property=\"og:title\" content=\"Lob und Anerkennung ... frei von Manipulation - Conex-Shop\" \/>\n<meta property=\"og:description\" content=\"Lob und Anerkennung ... frei von Manipulation Claudia Fabian Schirner Verlag Juni 2018  128 Seiten, broschiert, farbig, mit Abbildungen, 17,5 x 13,5 cm\" \/>\n<meta property=\"og:url\" content=\"https:\/\/conexbooks.de\/a\/shop\/produkt\/lob-und-anerkennung-frei-von-manipulation\/\" \/>\n<meta property=\"og:site_name\" content=\"Conex-Shop\" \/>\n<meta property=\"article:modified_time\" content=\"2024-02-29T18:15:34+00:00\" \/>\n<meta property=\"og:image\" content=\"https:\/\/conexbooks.de\/a\/shop\/wp-content\/uploads\/2019\/03\/756.png\" \/>\n\t<meta property=\"og:image:width\" content=\"453\" \/>\n\t<meta property=\"og:image:height\" content=\"589\" \/>\n\t<meta property=\"og:image:type\" content=\"image\/png\" \/>\n<meta name=\"twitter:card\" content=\"summary_large_image\" \/>\n<meta name=\"twitter:label1\" content=\"Gesch\u00e4tzte Lesezeit\" \/>\n\t<meta name=\"twitter:data1\" content=\"1\u00a0Minute\" \/>\n<script type=\"application\/ld+json\" class=\"yoast-schema-graph\">{\"@context\":\"https:\\\/\\\/schema.org\",\"@graph\":[{\"@type\":\"WebPage\",\"@id\":\"https:\\\/\\\/conexbooks.de\\\/a\\\/shop\\\/produkt\\\/lob-und-anerkennung-frei-von-manipulation\\\/\",\"url\":\"https:\\\/\\\/conexbooks.de\\\/a\\\/shop\\\/produkt\\\/lob-und-anerkennung-frei-von-manipulation\\\/\",\"name\":\"Lob und Anerkennung ... frei von Manipulation - Conex-Shop\",\"isPartOf\":{\"@id\":\"https:\\\/\\\/conexbooks.de\\\/a\\\/shop\\\/#website\"},\"primaryImageOfPage\":{\"@id\":\"https:\\\/\\\/conexbooks.de\\\/a\\\/shop\\\/produkt\\\/lob-und-anerkennung-frei-von-manipulation\\\/#primaryimage\"},\"image\":{\"@id\":\"https:\\\/\\\/conexbooks.de\\\/a\\\/shop\\\/produkt\\\/lob-und-anerkennung-frei-von-manipulation\\\/#primaryimage\"},\"thumbnailUrl\":\"https:\\\/\\\/conexbooks.de\\\/a\\\/shop\\\/wp-content\\\/uploads\\\/2019\\\/03\\\/756.png\",\"datePublished\":\"2019-03-26T14:42:06+00:00\",\"dateModified\":\"2024-02-29T18:15:34+00:00\",\"breadcrumb\":{\"@id\":\"https:\\\/\\\/conexbooks.de\\\/a\\\/shop\\\/produkt\\\/lob-und-anerkennung-frei-von-manipulation\\\/#breadcrumb\"},\"inLanguage\":\"de\",\"potentialAction\":[{\"@type\":\"ReadAction\",\"target\":[\"https:\\\/\\\/conexbooks.de\\\/a\\\/shop\\\/produkt\\\/lob-und-anerkennung-frei-von-manipulation\\\/\"]}]},{\"@type\":\"ImageObject\",\"inLanguage\":\"de\",\"@id\":\"https:\\\/\\\/conexbooks.de\\\/a\\\/shop\\\/produkt\\\/lob-und-anerkennung-frei-von-manipulation\\\/#primaryimage\",\"url\":\"https:\\\/\\\/conexbooks.de\\\/a\\\/shop\\\/wp-content\\\/uploads\\\/2019\\\/03\\\/756.png\",\"contentUrl\":\"https:\\\/\\\/conexbooks.de\\\/a\\\/shop\\\/wp-content\\\/uploads\\\/2019\\\/03\\\/756.png\",\"width\":453,\"height\":589},{\"@type\":\"BreadcrumbList\",\"@id\":\"https:\\\/\\\/conexbooks.de\\\/a\\\/shop\\\/produkt\\\/lob-und-anerkennung-frei-von-manipulation\\\/#breadcrumb\",\"itemListElement\":[{\"@type\":\"ListItem\",\"position\":1,\"name\":\"Home\",\"item\":\"https:\\\/\\\/conexbooks.de\\\/a\\\/shop\\\/\"},{\"@type\":\"ListItem\",\"position\":2,\"name\":\"Shop\",\"item\":\"https:\\\/\\\/conexbooks.de\\\/a\\\/shop\\\/shop\\\/\"},{\"@type\":\"ListItem\",\"position\":3,\"name\":\"Lob und Anerkennung &#8230; frei von Manipulation\"}]},{\"@type\":\"WebSite\",\"@id\":\"https:\\\/\\\/conexbooks.de\\\/a\\\/shop\\\/#website\",\"url\":\"https:\\\/\\\/conexbooks.de\\\/a\\\/shop\\\/\",\"name\":\"Conex-Shop\",\"description\":\"Alles f\u00fcr die gewaltfreie Kommunikation: B\u00fccher, Spiele. Handpuppen Seminarmaterial und Geschenke\",\"publisher\":{\"@id\":\"https:\\\/\\\/conexbooks.de\\\/a\\\/shop\\\/#organization\"},\"potentialAction\":[{\"@type\":\"SearchAction\",\"target\":{\"@type\":\"EntryPoint\",\"urlTemplate\":\"https:\\\/\\\/conexbooks.de\\\/a\\\/shop\\\/?s={search_term_string}\"},\"query-input\":{\"@type\":\"PropertyValueSpecification\",\"valueRequired\":true,\"valueName\":\"search_term_string\"}}],\"inLanguage\":\"de\"},{\"@type\":\"Organization\",\"@id\":\"https:\\\/\\\/conexbooks.de\\\/a\\\/shop\\\/#organization\",\"name\":\"Conex - books and more\",\"url\":\"https:\\\/\\\/conexbooks.de\\\/a\\\/shop\\\/\",\"logo\":{\"@type\":\"ImageObject\",\"inLanguage\":\"de\",\"@id\":\"https:\\\/\\\/conexbooks.de\\\/a\\\/shop\\\/#\\\/schema\\\/logo\\\/image\\\/\",\"url\":\"https:\\\/\\\/conexbooks.de\\\/a\\\/shop\\\/wp-content\\\/uploads\\\/2017\\\/12\\\/co-logo.png\",\"contentUrl\":\"https:\\\/\\\/conexbooks.de\\\/a\\\/shop\\\/wp-content\\\/uploads\\\/2017\\\/12\\\/co-logo.png\",\"width\":243,\"height\":122,\"caption\":\"Conex - books and more\"},\"image\":{\"@id\":\"https:\\\/\\\/conexbooks.de\\\/a\\\/shop\\\/#\\\/schema\\\/logo\\\/image\\\/\"}}]}<\/script>\n<!-- \/ Yoast SEO plugin. -->","yoast_head_json":{"title":"Lob und Anerkennung ... frei von Manipulation - Conex-Shop","robots":{"index":"index","follow":"follow","max-snippet":"max-snippet:-1","max-image-preview":"max-image-preview:large","max-video-preview":"max-video-preview:-1"},"canonical":"https:\/\/conexbooks.de\/a\/shop\/produkt\/lob-und-anerkennung-frei-von-manipulation\/","og_locale":"de_DE","og_type":"article","og_title":"Lob und Anerkennung ... frei von Manipulation - Conex-Shop","og_description":"Lob und Anerkennung ... frei von Manipulation Claudia Fabian Schirner Verlag Juni 2018  128 Seiten, broschiert, farbig, mit Abbildungen, 17,5 x 13,5 cm","og_url":"https:\/\/conexbooks.de\/a\/shop\/produkt\/lob-und-anerkennung-frei-von-manipulation\/","og_site_name":"Conex-Shop","article_modified_time":"2024-02-29T18:15:34+00:00","og_image":[{"width":453,"height":589,"url":"https:\/\/conexbooks.de\/a\/shop\/wp-content\/uploads\/2019\/03\/756.png","type":"image\/png"}],"twitter_card":"summary_large_image","twitter_misc":{"Gesch\u00e4tzte Lesezeit":"1\u00a0Minute"},"schema":{"@context":"https:\/\/schema.org","@graph":[{"@type":"WebPage","@id":"https:\/\/conexbooks.de\/a\/shop\/produkt\/lob-und-anerkennung-frei-von-manipulation\/","url":"https:\/\/conexbooks.de\/a\/shop\/produkt\/lob-und-anerkennung-frei-von-manipulation\/","name":"Lob und Anerkennung ... frei von Manipulation - Conex-Shop","isPartOf":{"@id":"https:\/\/conexbooks.de\/a\/shop\/#website"},"primaryImageOfPage":{"@id":"https:\/\/conexbooks.de\/a\/shop\/produkt\/lob-und-anerkennung-frei-von-manipulation\/#primaryimage"},"image":{"@id":"https:\/\/conexbooks.de\/a\/shop\/produkt\/lob-und-anerkennung-frei-von-manipulation\/#primaryimage"},"thumbnailUrl":"https:\/\/conexbooks.de\/a\/shop\/wp-content\/uploads\/2019\/03\/756.png","datePublished":"2019-03-26T14:42:06+00:00","dateModified":"2024-02-29T18:15:34+00:00","breadcrumb":{"@id":"https:\/\/conexbooks.de\/a\/shop\/produkt\/lob-und-anerkennung-frei-von-manipulation\/#breadcrumb"},"inLanguage":"de","potentialAction":[{"@type":"ReadAction","target":["https:\/\/conexbooks.de\/a\/shop\/produkt\/lob-und-anerkennung-frei-von-manipulation\/"]}]},{"@type":"ImageObject","inLanguage":"de","@id":"https:\/\/conexbooks.de\/a\/shop\/produkt\/lob-und-anerkennung-frei-von-manipulation\/#primaryimage","url":"https:\/\/conexbooks.de\/a\/shop\/wp-content\/uploads\/2019\/03\/756.png","contentUrl":"https:\/\/conexbooks.de\/a\/shop\/wp-content\/uploads\/2019\/03\/756.png","width":453,"height":589},{"@type":"BreadcrumbList","@id":"https:\/\/conexbooks.de\/a\/shop\/produkt\/lob-und-anerkennung-frei-von-manipulation\/#breadcrumb","itemListElement":[{"@type":"ListItem","position":1,"name":"Home","item":"https:\/\/conexbooks.de\/a\/shop\/"},{"@type":"ListItem","position":2,"name":"Shop","item":"https:\/\/conexbooks.de\/a\/shop\/shop\/"},{"@type":"ListItem","position":3,"name":"Lob und Anerkennung &#8230; frei von Manipulation"}]},{"@type":"WebSite","@id":"https:\/\/conexbooks.de\/a\/shop\/#website","url":"https:\/\/conexbooks.de\/a\/shop\/","name":"Conex-Shop","description":"Alles f\u00fcr die gewaltfreie Kommunikation: B\u00fccher, Spiele. Handpuppen Seminarmaterial und Geschenke","publisher":{"@id":"https:\/\/conexbooks.de\/a\/shop\/#organization"},"potentialAction":[{"@type":"SearchAction","target":{"@type":"EntryPoint","urlTemplate":"https:\/\/conexbooks.de\/a\/shop\/?s={search_term_string}"},"query-input":{"@type":"PropertyValueSpecification","valueRequired":true,"valueName":"search_term_string"}}],"inLanguage":"de"},{"@type":"Organization","@id":"https:\/\/conexbooks.de\/a\/shop\/#organization","name":"Conex - books and more","url":"https:\/\/conexbooks.de\/a\/shop\/","logo":{"@type":"ImageObject","inLanguage":"de","@id":"https:\/\/conexbooks.de\/a\/shop\/#\/schema\/logo\/image\/","url":"https:\/\/conexbooks.de\/a\/shop\/wp-content\/uploads\/2017\/12\/co-logo.png","contentUrl":"https:\/\/conexbooks.de\/a\/shop\/wp-content\/uploads\/2017\/12\/co-logo.png","width":243,"height":122,"caption":"Conex - books and more"},"image":{"@id":"https:\/\/conexbooks.de\/a\/shop\/#\/schema\/logo\/image\/"}}]}},"_links":{"self":[{"href":"https:\/\/conexbooks.de\/a\/shop\/wp-json\/wp\/v2\/product\/9857","targetHints":{"allow":["GET"]}}],"collection":[{"href":"https:\/\/conexbooks.de\/a\/shop\/wp-json\/wp\/v2\/product"}],"about":[{"href":"https:\/\/conexbooks.de\/a\/shop\/wp-json\/wp\/v2\/types\/product"}],"wp:featuredmedia":[{"embeddable":true,"href":"https:\/\/conexbooks.de\/a\/shop\/wp-json\/wp\/v2\/media\/9858"}],"wp:attachment":[{"href":"https:\/\/conexbooks.de\/a\/shop\/wp-json\/wp\/v2\/media?parent=9857"}],"wp:term":[{"taxonomy":"product_brand","embeddable":true,"href":"https:\/\/conexbooks.de\/a\/shop\/wp-json\/wp\/v2\/product_brand?post=9857"},{"taxonomy":"product_cat","embeddable":true,"href":"https:\/\/conexbooks.de\/a\/shop\/wp-json\/wp\/v2\/product_cat?post=9857"},{"taxonomy":"product_tag","embeddable":true,"href":"https:\/\/conexbooks.de\/a\/shop\/wp-json\/wp\/v2\/product_tag?post=9857"}],"curies":[{"name":"wp","href":"https:\/\/api.w.org\/{rel}","templated":true}]}}