{"id":987,"date":"2017-11-14T20:10:00","date_gmt":"2017-11-14T19:10:00","guid":{"rendered":"https:\/\/conexbooks.de\/a\/shop\/wp\/produkt\/neuauflage-3\/"},"modified":"2026-03-09T11:10:36","modified_gmt":"2026-03-09T10:10:36","slug":"neuauflage-3","status":"publish","type":"product","link":"https:\/\/conexbooks.de\/a\/shop\/produkt\/neuauflage-3\/","title":{"rendered":"Gef\u00fchlsmonster &#8211; Karten &#8211; Set  25 Karten A6"},"content":{"rendered":"<h4>Set 25 Karten A6<\/h4>\n<p>Die 25 unterschiedlichen Karten f\u00f6rdern und erleichtern Gespr\u00e4che \u00fcber Gef\u00fchle!<\/p>\n<p>Es gibt vielf\u00e4ltige Einsatzm\u00f6glichkeiten, sowohl beruflich als auch privat, z.B. in den Bereichen:<\/p>\n<p>Alter, Autismus, Coaching, Familie, Interkulturell, Kindergarten, Mediation, Paare, Schule, Selbstmanagement, Supervision, Therapie, Teams und Training, Trauerarbeit.<\/p>\n<p>Diese Kartengr\u00f6\u00dfe (mittlere Gr\u00f6\u00dfe auf dem Vergleichsfoto) ist am vielseitigsten und eignet sich besonders zum Einsatz in kleinen Gruppen f\u00fcr Gespr\u00e4che zur Kl\u00e4rung von Gef\u00fchlen.<\/p>\n<div id='1' class='widgets_on_page wop_tiny1  wop_small1  wop_medium1  wop_large1  wop_wide1'>\n\t\t\t<ul><li id=\"custom_html-4\" class=\"widget_text widget widget_custom_html\"><div class=\"textwidget custom-html-widget\"><div style=\"text-align:left;\">\r\n<button class = \"button\" style=\"height: 30px; font-size: 0.8em;\" name=\"zuruck\" type=\"button\" onclick=\"history.back()\">Zur\u00fcck zur \u00dcbersicht<\/button><\/div><\/div><\/li><\/ul><\/div><!-- widgets_on_page -->\n","protected":false},"excerpt":{"rendered":"<h3>Set 25 Karten A6<\/h3>\n<p>Set von 25 Gef\u00fchlsmonster-Karten in Postkarten-Gr\u00f6\u00dfe (10,5cm \u00d7 14,8cm DIN A6) in einer wieder verschlie\u00dfbaren, hochwertigen Mappe mit Anleitung zum Gebrauch der Karten.<\/p>\n","protected":false},"featured_media":2045,"template":"","meta":[],"product_brand":[],"product_cat":[45,481,48,40,51,47],"product_tag":[121,388,378,296,326,389,297,228,170],"class_list":{"0":"post-987","1":"product","2":"type-product","3":"status-publish","4":"has-post-thumbnail","6":"product_cat-arbeit-sonstiges","7":"product_cat-gefuehle-und-beduerfniskarten","8":"product_cat-gefuehlsmonster","9":"product_cat-grundlagen","10":"product_cat-seminarmaterial","11":"product_cat-sonstiges","12":"product_tag-gefuehle","13":"product_tag-gefuehlsausdruecke","14":"product_tag-gefuehlsdarstellung","15":"product_tag-gefuehlskompetenz","16":"product_tag-gefuehlsmonster","17":"product_tag-hilfsmittel-fuer-gefuehlsfindung","18":"product_tag-ueber-gefuehle-reden","19":"product_tag-uebungen-inspiration","20":"product_tag-wahrnehmung-von-gefuehlen","22":"first","23":"instock","24":"shipping-taxable","25":"purchasable","26":"product-type-simple"},"yoast_head":"<!-- This site is optimized with the Yoast SEO plugin v27.4 - https:\/\/yoast.com\/product\/yoast-seo-wordpress\/ -->\n<title>Gef\u00fchlsmonster - Karten - Set 25 Karten A6 - Conex-Shop<\/title>\n<meta name=\"robots\" content=\"index, follow, max-snippet:-1, max-image-preview:large, max-video-preview:-1\" \/>\n<link rel=\"canonical\" href=\"https:\/\/conexbooks.de\/a\/shop\/produkt\/neuauflage-3\/\" \/>\n<meta property=\"og:locale\" content=\"de_DE\" \/>\n<meta property=\"og:type\" content=\"article\" \/>\n<meta property=\"og:title\" content=\"Gef\u00fchlsmonster - Karten - Set 25 Karten A6 - Conex-Shop\" \/>\n<meta property=\"og:description\" content=\"Set 25 Karten A6 Set von 25 Gef\u00fchlsmonster-Karten in Postkarten-Gr\u00f6\u00dfe (10,5cm \u00d7 14,8cm DIN A6) in einer wieder verschlie\u00dfbaren, hochwertigen Mappe mit Anleitung zum Gebrauch der Karten.\" \/>\n<meta property=\"og:url\" content=\"https:\/\/conexbooks.de\/a\/shop\/produkt\/neuauflage-3\/\" \/>\n<meta property=\"og:site_name\" content=\"Conex-Shop\" \/>\n<meta property=\"article:modified_time\" content=\"2026-03-09T10:10:36+00:00\" \/>\n<meta property=\"og:image\" content=\"https:\/\/conexbooks.de\/a\/shop\/wp-content\/uploads\/2017\/11\/607.jpg\" \/>\n\t<meta property=\"og:image:width\" content=\"565\" \/>\n\t<meta property=\"og:image:height\" content=\"400\" \/>\n\t<meta property=\"og:image:type\" content=\"image\/jpeg\" \/>\n<meta name=\"twitter:card\" content=\"summary_large_image\" \/>\n<script type=\"application\/ld+json\" class=\"yoast-schema-graph\">{\"@context\":\"https:\\\/\\\/schema.org\",\"@graph\":[{\"@type\":\"WebPage\",\"@id\":\"https:\\\/\\\/conexbooks.de\\\/a\\\/shop\\\/produkt\\\/neuauflage-3\\\/\",\"url\":\"https:\\\/\\\/conexbooks.de\\\/a\\\/shop\\\/produkt\\\/neuauflage-3\\\/\",\"name\":\"Gef\u00fchlsmonster - Karten - Set 25 Karten A6 - Conex-Shop\",\"isPartOf\":{\"@id\":\"https:\\\/\\\/conexbooks.de\\\/a\\\/shop\\\/#website\"},\"primaryImageOfPage\":{\"@id\":\"https:\\\/\\\/conexbooks.de\\\/a\\\/shop\\\/produkt\\\/neuauflage-3\\\/#primaryimage\"},\"image\":{\"@id\":\"https:\\\/\\\/conexbooks.de\\\/a\\\/shop\\\/produkt\\\/neuauflage-3\\\/#primaryimage\"},\"thumbnailUrl\":\"https:\\\/\\\/conexbooks.de\\\/a\\\/shop\\\/wp-content\\\/uploads\\\/2017\\\/11\\\/607.jpg\",\"datePublished\":\"2017-11-14T19:10:00+00:00\",\"dateModified\":\"2026-03-09T10:10:36+00:00\",\"breadcrumb\":{\"@id\":\"https:\\\/\\\/conexbooks.de\\\/a\\\/shop\\\/produkt\\\/neuauflage-3\\\/#breadcrumb\"},\"inLanguage\":\"de\",\"potentialAction\":[{\"@type\":\"ReadAction\",\"target\":[\"https:\\\/\\\/conexbooks.de\\\/a\\\/shop\\\/produkt\\\/neuauflage-3\\\/\"]}]},{\"@type\":\"ImageObject\",\"inLanguage\":\"de\",\"@id\":\"https:\\\/\\\/conexbooks.de\\\/a\\\/shop\\\/produkt\\\/neuauflage-3\\\/#primaryimage\",\"url\":\"https:\\\/\\\/conexbooks.de\\\/a\\\/shop\\\/wp-content\\\/uploads\\\/2017\\\/11\\\/607.jpg\",\"contentUrl\":\"https:\\\/\\\/conexbooks.de\\\/a\\\/shop\\\/wp-content\\\/uploads\\\/2017\\\/11\\\/607.jpg\",\"width\":565,\"height\":400},{\"@type\":\"BreadcrumbList\",\"@id\":\"https:\\\/\\\/conexbooks.de\\\/a\\\/shop\\\/produkt\\\/neuauflage-3\\\/#breadcrumb\",\"itemListElement\":[{\"@type\":\"ListItem\",\"position\":1,\"name\":\"Home\",\"item\":\"https:\\\/\\\/conexbooks.de\\\/a\\\/shop\\\/\"},{\"@type\":\"ListItem\",\"position\":2,\"name\":\"Shop\",\"item\":\"https:\\\/\\\/conexbooks.de\\\/a\\\/shop\\\/shop\\\/\"},{\"@type\":\"ListItem\",\"position\":3,\"name\":\"Gef\u00fchlsmonster &#8211; Karten &#8211; Set 25 Karten A6\"}]},{\"@type\":\"WebSite\",\"@id\":\"https:\\\/\\\/conexbooks.de\\\/a\\\/shop\\\/#website\",\"url\":\"https:\\\/\\\/conexbooks.de\\\/a\\\/shop\\\/\",\"name\":\"Conex-Shop\",\"description\":\"Alles f\u00fcr die gewaltfreie Kommunikation: B\u00fccher, Spiele. Handpuppen Seminarmaterial und Geschenke\",\"publisher\":{\"@id\":\"https:\\\/\\\/conexbooks.de\\\/a\\\/shop\\\/#organization\"},\"potentialAction\":[{\"@type\":\"SearchAction\",\"target\":{\"@type\":\"EntryPoint\",\"urlTemplate\":\"https:\\\/\\\/conexbooks.de\\\/a\\\/shop\\\/?s={search_term_string}\"},\"query-input\":{\"@type\":\"PropertyValueSpecification\",\"valueRequired\":true,\"valueName\":\"search_term_string\"}}],\"inLanguage\":\"de\"},{\"@type\":\"Organization\",\"@id\":\"https:\\\/\\\/conexbooks.de\\\/a\\\/shop\\\/#organization\",\"name\":\"Conex - books and more\",\"url\":\"https:\\\/\\\/conexbooks.de\\\/a\\\/shop\\\/\",\"logo\":{\"@type\":\"ImageObject\",\"inLanguage\":\"de\",\"@id\":\"https:\\\/\\\/conexbooks.de\\\/a\\\/shop\\\/#\\\/schema\\\/logo\\\/image\\\/\",\"url\":\"https:\\\/\\\/conexbooks.de\\\/a\\\/shop\\\/wp-content\\\/uploads\\\/2017\\\/12\\\/co-logo.png\",\"contentUrl\":\"https:\\\/\\\/conexbooks.de\\\/a\\\/shop\\\/wp-content\\\/uploads\\\/2017\\\/12\\\/co-logo.png\",\"width\":243,\"height\":122,\"caption\":\"Conex - books and more\"},\"image\":{\"@id\":\"https:\\\/\\\/conexbooks.de\\\/a\\\/shop\\\/#\\\/schema\\\/logo\\\/image\\\/\"}}]}<\/script>\n<!-- \/ Yoast SEO plugin. -->","yoast_head_json":{"title":"Gef\u00fchlsmonster - Karten - Set 25 Karten A6 - Conex-Shop","robots":{"index":"index","follow":"follow","max-snippet":"max-snippet:-1","max-image-preview":"max-image-preview:large","max-video-preview":"max-video-preview:-1"},"canonical":"https:\/\/conexbooks.de\/a\/shop\/produkt\/neuauflage-3\/","og_locale":"de_DE","og_type":"article","og_title":"Gef\u00fchlsmonster - Karten - Set 25 Karten A6 - Conex-Shop","og_description":"Set 25 Karten A6 Set von 25 Gef\u00fchlsmonster-Karten in Postkarten-Gr\u00f6\u00dfe (10,5cm \u00d7 14,8cm DIN A6) in einer wieder verschlie\u00dfbaren, hochwertigen Mappe mit Anleitung zum Gebrauch der Karten.","og_url":"https:\/\/conexbooks.de\/a\/shop\/produkt\/neuauflage-3\/","og_site_name":"Conex-Shop","article_modified_time":"2026-03-09T10:10:36+00:00","og_image":[{"width":565,"height":400,"url":"https:\/\/conexbooks.de\/a\/shop\/wp-content\/uploads\/2017\/11\/607.jpg","type":"image\/jpeg"}],"twitter_card":"summary_large_image","schema":{"@context":"https:\/\/schema.org","@graph":[{"@type":"WebPage","@id":"https:\/\/conexbooks.de\/a\/shop\/produkt\/neuauflage-3\/","url":"https:\/\/conexbooks.de\/a\/shop\/produkt\/neuauflage-3\/","name":"Gef\u00fchlsmonster - Karten - Set 25 Karten A6 - Conex-Shop","isPartOf":{"@id":"https:\/\/conexbooks.de\/a\/shop\/#website"},"primaryImageOfPage":{"@id":"https:\/\/conexbooks.de\/a\/shop\/produkt\/neuauflage-3\/#primaryimage"},"image":{"@id":"https:\/\/conexbooks.de\/a\/shop\/produkt\/neuauflage-3\/#primaryimage"},"thumbnailUrl":"https:\/\/conexbooks.de\/a\/shop\/wp-content\/uploads\/2017\/11\/607.jpg","datePublished":"2017-11-14T19:10:00+00:00","dateModified":"2026-03-09T10:10:36+00:00","breadcrumb":{"@id":"https:\/\/conexbooks.de\/a\/shop\/produkt\/neuauflage-3\/#breadcrumb"},"inLanguage":"de","potentialAction":[{"@type":"ReadAction","target":["https:\/\/conexbooks.de\/a\/shop\/produkt\/neuauflage-3\/"]}]},{"@type":"ImageObject","inLanguage":"de","@id":"https:\/\/conexbooks.de\/a\/shop\/produkt\/neuauflage-3\/#primaryimage","url":"https:\/\/conexbooks.de\/a\/shop\/wp-content\/uploads\/2017\/11\/607.jpg","contentUrl":"https:\/\/conexbooks.de\/a\/shop\/wp-content\/uploads\/2017\/11\/607.jpg","width":565,"height":400},{"@type":"BreadcrumbList","@id":"https:\/\/conexbooks.de\/a\/shop\/produkt\/neuauflage-3\/#breadcrumb","itemListElement":[{"@type":"ListItem","position":1,"name":"Home","item":"https:\/\/conexbooks.de\/a\/shop\/"},{"@type":"ListItem","position":2,"name":"Shop","item":"https:\/\/conexbooks.de\/a\/shop\/shop\/"},{"@type":"ListItem","position":3,"name":"Gef\u00fchlsmonster &#8211; Karten &#8211; Set 25 Karten A6"}]},{"@type":"WebSite","@id":"https:\/\/conexbooks.de\/a\/shop\/#website","url":"https:\/\/conexbooks.de\/a\/shop\/","name":"Conex-Shop","description":"Alles f\u00fcr die gewaltfreie Kommunikation: B\u00fccher, Spiele. Handpuppen Seminarmaterial und Geschenke","publisher":{"@id":"https:\/\/conexbooks.de\/a\/shop\/#organization"},"potentialAction":[{"@type":"SearchAction","target":{"@type":"EntryPoint","urlTemplate":"https:\/\/conexbooks.de\/a\/shop\/?s={search_term_string}"},"query-input":{"@type":"PropertyValueSpecification","valueRequired":true,"valueName":"search_term_string"}}],"inLanguage":"de"},{"@type":"Organization","@id":"https:\/\/conexbooks.de\/a\/shop\/#organization","name":"Conex - books and more","url":"https:\/\/conexbooks.de\/a\/shop\/","logo":{"@type":"ImageObject","inLanguage":"de","@id":"https:\/\/conexbooks.de\/a\/shop\/#\/schema\/logo\/image\/","url":"https:\/\/conexbooks.de\/a\/shop\/wp-content\/uploads\/2017\/12\/co-logo.png","contentUrl":"https:\/\/conexbooks.de\/a\/shop\/wp-content\/uploads\/2017\/12\/co-logo.png","width":243,"height":122,"caption":"Conex - books and more"},"image":{"@id":"https:\/\/conexbooks.de\/a\/shop\/#\/schema\/logo\/image\/"}}]}},"_links":{"self":[{"href":"https:\/\/conexbooks.de\/a\/shop\/wp-json\/wp\/v2\/product\/987","targetHints":{"allow":["GET"]}}],"collection":[{"href":"https:\/\/conexbooks.de\/a\/shop\/wp-json\/wp\/v2\/product"}],"about":[{"href":"https:\/\/conexbooks.de\/a\/shop\/wp-json\/wp\/v2\/types\/product"}],"wp:featuredmedia":[{"embeddable":true,"href":"https:\/\/conexbooks.de\/a\/shop\/wp-json\/wp\/v2\/media\/2045"}],"wp:attachment":[{"href":"https:\/\/conexbooks.de\/a\/shop\/wp-json\/wp\/v2\/media?parent=987"}],"wp:term":[{"taxonomy":"product_brand","embeddable":true,"href":"https:\/\/conexbooks.de\/a\/shop\/wp-json\/wp\/v2\/product_brand?post=987"},{"taxonomy":"product_cat","embeddable":true,"href":"https:\/\/conexbooks.de\/a\/shop\/wp-json\/wp\/v2\/product_cat?post=987"},{"taxonomy":"product_tag","embeddable":true,"href":"https:\/\/conexbooks.de\/a\/shop\/wp-json\/wp\/v2\/product_tag?post=987"}],"curies":[{"name":"wp","href":"https:\/\/api.w.org\/{rel}","templated":true}]}}