{"id":991,"date":"2017-11-14T20:10:00","date_gmt":"2017-11-14T19:10:00","guid":{"rendered":"https:\/\/conexbooks.de\/a\/shop\/wp\/produkt\/2-karten-im-scheckkartenformat-mit-den-4-schritten-und-gefuehlen-2\/"},"modified":"2022-11-24T18:31:34","modified_gmt":"2022-11-24T17:31:34","slug":"2-karten-im-scheckkartenformat-mit-den-4-schritten-und-gefuehlen-2","status":"publish","type":"product","link":"https:\/\/conexbooks.de\/a\/shop\/produkt\/2-karten-im-scheckkartenformat-mit-den-4-schritten-und-gefuehlen-2\/","title":{"rendered":"Quick Cards &#8211; Set mit 4 Karten im Kreditkartenformat"},"content":{"rendered":"<h4>Quick-Cards<\/h4>\n<p>4 Karten im Hosentaschen-Format. So k\u00f6nnen Sie schnell nachschauen und haben alles auf einen Blick: die Gef\u00fchle und Bed\u00fcrfnisse, sowie den Ablauf der 4 Schritte mit den Satzanf\u00e4ngen, samt der Anforderungen wie Bitten nach GFK-Art gestellt und erf\u00fcllt werden.<\/p>\n<p class=\"first\">1. Karte: <strong>Gef\u00fchlsvokabular<\/strong><\/p>\n<p class=\"first\">Vorderseite: <strong>Gef\u00fchle<\/strong>, wenn unsere Bed\u00fcrfnisse befriedigt sind<br \/>\nR\u00fcckseite: Gef\u00fchle, wenn unsere Bed\u00fcrfnisse nicht befriedigt sind<\/p>\n<p class=\"first\">2. Karte: universelle <strong>Bed\u00fcrfnisse<\/strong>, die alle Menschen teilen<\/p>\n<p class=\"first\">Vorderseite: Existenz, Schutz, Liebe, Beziehung (mit weiteren Begriffen)<br \/>\nR\u00fcckseite: Freiheit, Verst\u00e4ndnis, Harmonie, Kreativit\u00e4t, Selbstwert, Sinnhaftigkeit<\/p>\n<p class=\"first\">3. Karte: Der <strong>Prozess<\/strong> der Gewaltfreien Kommunikation auf einen Blick!<\/p>\n<p class=\"first\">Vorderseite: 4 Schritte, sich klar auszudr\u00fccken<br \/>\nR\u00fcckseite: <strong>\u00a0\u00a0 <\/strong>4 Schritte, einf\u00fchlend empfangen<\/p>\n<p class=\"first\">4. Karte: <strong>Bitten-Karte<\/strong><\/p>\n<p class=\"first\">Vorderseite: 2 Arten von Bitten<br \/>\nR\u00fcckseite: GFK-Haltung, mit der wir Bitten erf\u00fcllen<\/p>\n<p>Alle 4 Karten sind so zusammengef\u00fcgt, so dass man sie nacheinender aufklappen kann, aber auch trennen und einzeln benutzen kann.<\/p>\n<div id='1' class='widgets_on_page wop_tiny1  wop_small1  wop_medium1  wop_large1  wop_wide1'>\n\t\t\t<ul><li id=\"custom_html-4\" class=\"widget_text widget widget_custom_html\"><div class=\"textwidget custom-html-widget\"><div style=\"text-align:left;\">\r\n<button class = \"button\" style=\"height: 30px; font-size: 0.8em;\" name=\"zuruck\" type=\"button\" onclick=\"history.back()\">Zur\u00fcck zur \u00dcbersicht<\/button><\/div><\/div><\/li><\/ul><\/div><!-- widgets_on_page -->\n","protected":false},"excerpt":{"rendered":"<h3>4 Karten im Kreditkartenformat <strong>(9 x 6 cm)<\/strong>,<br \/>\ndoppelseitig bedruckt, laminiert und mit Tesafilm zusammengef\u00fcgt<\/h3>\n","protected":false},"featured_media":19447,"template":"","meta":[],"product_brand":[],"product_cat":[45,481,53,51,47],"product_tag":[68,67,66,74],"class_list":{"0":"post-991","1":"product","2":"type-product","3":"status-publish","4":"has-post-thumbnail","6":"product_cat-arbeit-sonstiges","7":"product_cat-gefuehle-und-beduerfniskarten","8":"product_cat-neu","9":"product_cat-seminarmaterial","10":"product_cat-sonstiges","11":"product_tag-cards","12":"product_tag-plastic","13":"product_tag-quick-cards","14":"product_tag-unterwegs","16":"first","17":"instock","18":"shipping-taxable","19":"purchasable","20":"product-type-simple"},"yoast_head":"<!-- This site is optimized with the Yoast SEO plugin v27.4 - https:\/\/yoast.com\/product\/yoast-seo-wordpress\/ -->\n<title>Quick Cards - Set mit 4 Karten im Kreditkartenformat - Conex-Shop<\/title>\n<meta name=\"robots\" content=\"index, follow, max-snippet:-1, max-image-preview:large, max-video-preview:-1\" \/>\n<link rel=\"canonical\" href=\"https:\/\/conexbooks.de\/a\/shop\/produkt\/2-karten-im-scheckkartenformat-mit-den-4-schritten-und-gefuehlen-2\/\" \/>\n<meta property=\"og:locale\" content=\"de_DE\" \/>\n<meta property=\"og:type\" content=\"article\" \/>\n<meta property=\"og:title\" content=\"Quick Cards - Set mit 4 Karten im Kreditkartenformat - Conex-Shop\" \/>\n<meta property=\"og:description\" content=\"4 Karten im Kreditkartenformat (9 x 6 cm), doppelseitig bedruckt, laminiert und mit Tesafilm zusammengef\u00fcgt\" \/>\n<meta property=\"og:url\" content=\"https:\/\/conexbooks.de\/a\/shop\/produkt\/2-karten-im-scheckkartenformat-mit-den-4-schritten-und-gefuehlen-2\/\" \/>\n<meta property=\"og:site_name\" content=\"Conex-Shop\" \/>\n<meta property=\"article:modified_time\" content=\"2022-11-24T17:31:34+00:00\" \/>\n<meta property=\"og:image\" content=\"https:\/\/conexbooks.de\/a\/shop\/wp-content\/uploads\/2022\/11\/601.png\" \/>\n\t<meta property=\"og:image:width\" content=\"416\" \/>\n\t<meta property=\"og:image:height\" content=\"400\" \/>\n\t<meta property=\"og:image:type\" content=\"image\/png\" \/>\n<meta name=\"twitter:card\" content=\"summary_large_image\" \/>\n<meta name=\"twitter:label1\" content=\"Gesch\u00e4tzte Lesezeit\" \/>\n\t<meta name=\"twitter:data1\" content=\"1\u00a0Minute\" \/>\n<script type=\"application\/ld+json\" class=\"yoast-schema-graph\">{\"@context\":\"https:\\\/\\\/schema.org\",\"@graph\":[{\"@type\":\"WebPage\",\"@id\":\"https:\\\/\\\/conexbooks.de\\\/a\\\/shop\\\/produkt\\\/2-karten-im-scheckkartenformat-mit-den-4-schritten-und-gefuehlen-2\\\/\",\"url\":\"https:\\\/\\\/conexbooks.de\\\/a\\\/shop\\\/produkt\\\/2-karten-im-scheckkartenformat-mit-den-4-schritten-und-gefuehlen-2\\\/\",\"name\":\"Quick Cards - Set mit 4 Karten im Kreditkartenformat - Conex-Shop\",\"isPartOf\":{\"@id\":\"https:\\\/\\\/conexbooks.de\\\/a\\\/shop\\\/#website\"},\"primaryImageOfPage\":{\"@id\":\"https:\\\/\\\/conexbooks.de\\\/a\\\/shop\\\/produkt\\\/2-karten-im-scheckkartenformat-mit-den-4-schritten-und-gefuehlen-2\\\/#primaryimage\"},\"image\":{\"@id\":\"https:\\\/\\\/conexbooks.de\\\/a\\\/shop\\\/produkt\\\/2-karten-im-scheckkartenformat-mit-den-4-schritten-und-gefuehlen-2\\\/#primaryimage\"},\"thumbnailUrl\":\"https:\\\/\\\/conexbooks.de\\\/a\\\/shop\\\/wp-content\\\/uploads\\\/2022\\\/11\\\/601.png\",\"datePublished\":\"2017-11-14T19:10:00+00:00\",\"dateModified\":\"2022-11-24T17:31:34+00:00\",\"breadcrumb\":{\"@id\":\"https:\\\/\\\/conexbooks.de\\\/a\\\/shop\\\/produkt\\\/2-karten-im-scheckkartenformat-mit-den-4-schritten-und-gefuehlen-2\\\/#breadcrumb\"},\"inLanguage\":\"de\",\"potentialAction\":[{\"@type\":\"ReadAction\",\"target\":[\"https:\\\/\\\/conexbooks.de\\\/a\\\/shop\\\/produkt\\\/2-karten-im-scheckkartenformat-mit-den-4-schritten-und-gefuehlen-2\\\/\"]}]},{\"@type\":\"ImageObject\",\"inLanguage\":\"de\",\"@id\":\"https:\\\/\\\/conexbooks.de\\\/a\\\/shop\\\/produkt\\\/2-karten-im-scheckkartenformat-mit-den-4-schritten-und-gefuehlen-2\\\/#primaryimage\",\"url\":\"https:\\\/\\\/conexbooks.de\\\/a\\\/shop\\\/wp-content\\\/uploads\\\/2022\\\/11\\\/601.png\",\"contentUrl\":\"https:\\\/\\\/conexbooks.de\\\/a\\\/shop\\\/wp-content\\\/uploads\\\/2022\\\/11\\\/601.png\",\"width\":416,\"height\":400},{\"@type\":\"BreadcrumbList\",\"@id\":\"https:\\\/\\\/conexbooks.de\\\/a\\\/shop\\\/produkt\\\/2-karten-im-scheckkartenformat-mit-den-4-schritten-und-gefuehlen-2\\\/#breadcrumb\",\"itemListElement\":[{\"@type\":\"ListItem\",\"position\":1,\"name\":\"Home\",\"item\":\"https:\\\/\\\/conexbooks.de\\\/a\\\/shop\\\/\"},{\"@type\":\"ListItem\",\"position\":2,\"name\":\"Shop\",\"item\":\"https:\\\/\\\/conexbooks.de\\\/a\\\/shop\\\/shop\\\/\"},{\"@type\":\"ListItem\",\"position\":3,\"name\":\"Quick Cards &#8211; Set mit 4 Karten im Kreditkartenformat\"}]},{\"@type\":\"WebSite\",\"@id\":\"https:\\\/\\\/conexbooks.de\\\/a\\\/shop\\\/#website\",\"url\":\"https:\\\/\\\/conexbooks.de\\\/a\\\/shop\\\/\",\"name\":\"Conex-Shop\",\"description\":\"Alles f\u00fcr die gewaltfreie Kommunikation: B\u00fccher, Spiele. Handpuppen Seminarmaterial und Geschenke\",\"publisher\":{\"@id\":\"https:\\\/\\\/conexbooks.de\\\/a\\\/shop\\\/#organization\"},\"potentialAction\":[{\"@type\":\"SearchAction\",\"target\":{\"@type\":\"EntryPoint\",\"urlTemplate\":\"https:\\\/\\\/conexbooks.de\\\/a\\\/shop\\\/?s={search_term_string}\"},\"query-input\":{\"@type\":\"PropertyValueSpecification\",\"valueRequired\":true,\"valueName\":\"search_term_string\"}}],\"inLanguage\":\"de\"},{\"@type\":\"Organization\",\"@id\":\"https:\\\/\\\/conexbooks.de\\\/a\\\/shop\\\/#organization\",\"name\":\"Conex - books and more\",\"url\":\"https:\\\/\\\/conexbooks.de\\\/a\\\/shop\\\/\",\"logo\":{\"@type\":\"ImageObject\",\"inLanguage\":\"de\",\"@id\":\"https:\\\/\\\/conexbooks.de\\\/a\\\/shop\\\/#\\\/schema\\\/logo\\\/image\\\/\",\"url\":\"https:\\\/\\\/conexbooks.de\\\/a\\\/shop\\\/wp-content\\\/uploads\\\/2017\\\/12\\\/co-logo.png\",\"contentUrl\":\"https:\\\/\\\/conexbooks.de\\\/a\\\/shop\\\/wp-content\\\/uploads\\\/2017\\\/12\\\/co-logo.png\",\"width\":243,\"height\":122,\"caption\":\"Conex - books and more\"},\"image\":{\"@id\":\"https:\\\/\\\/conexbooks.de\\\/a\\\/shop\\\/#\\\/schema\\\/logo\\\/image\\\/\"}}]}<\/script>\n<!-- \/ Yoast SEO plugin. -->","yoast_head_json":{"title":"Quick Cards - Set mit 4 Karten im Kreditkartenformat - Conex-Shop","robots":{"index":"index","follow":"follow","max-snippet":"max-snippet:-1","max-image-preview":"max-image-preview:large","max-video-preview":"max-video-preview:-1"},"canonical":"https:\/\/conexbooks.de\/a\/shop\/produkt\/2-karten-im-scheckkartenformat-mit-den-4-schritten-und-gefuehlen-2\/","og_locale":"de_DE","og_type":"article","og_title":"Quick Cards - Set mit 4 Karten im Kreditkartenformat - Conex-Shop","og_description":"4 Karten im Kreditkartenformat (9 x 6 cm), doppelseitig bedruckt, laminiert und mit Tesafilm zusammengef\u00fcgt","og_url":"https:\/\/conexbooks.de\/a\/shop\/produkt\/2-karten-im-scheckkartenformat-mit-den-4-schritten-und-gefuehlen-2\/","og_site_name":"Conex-Shop","article_modified_time":"2022-11-24T17:31:34+00:00","og_image":[{"width":416,"height":400,"url":"https:\/\/conexbooks.de\/a\/shop\/wp-content\/uploads\/2022\/11\/601.png","type":"image\/png"}],"twitter_card":"summary_large_image","twitter_misc":{"Gesch\u00e4tzte Lesezeit":"1\u00a0Minute"},"schema":{"@context":"https:\/\/schema.org","@graph":[{"@type":"WebPage","@id":"https:\/\/conexbooks.de\/a\/shop\/produkt\/2-karten-im-scheckkartenformat-mit-den-4-schritten-und-gefuehlen-2\/","url":"https:\/\/conexbooks.de\/a\/shop\/produkt\/2-karten-im-scheckkartenformat-mit-den-4-schritten-und-gefuehlen-2\/","name":"Quick Cards - Set mit 4 Karten im Kreditkartenformat - Conex-Shop","isPartOf":{"@id":"https:\/\/conexbooks.de\/a\/shop\/#website"},"primaryImageOfPage":{"@id":"https:\/\/conexbooks.de\/a\/shop\/produkt\/2-karten-im-scheckkartenformat-mit-den-4-schritten-und-gefuehlen-2\/#primaryimage"},"image":{"@id":"https:\/\/conexbooks.de\/a\/shop\/produkt\/2-karten-im-scheckkartenformat-mit-den-4-schritten-und-gefuehlen-2\/#primaryimage"},"thumbnailUrl":"https:\/\/conexbooks.de\/a\/shop\/wp-content\/uploads\/2022\/11\/601.png","datePublished":"2017-11-14T19:10:00+00:00","dateModified":"2022-11-24T17:31:34+00:00","breadcrumb":{"@id":"https:\/\/conexbooks.de\/a\/shop\/produkt\/2-karten-im-scheckkartenformat-mit-den-4-schritten-und-gefuehlen-2\/#breadcrumb"},"inLanguage":"de","potentialAction":[{"@type":"ReadAction","target":["https:\/\/conexbooks.de\/a\/shop\/produkt\/2-karten-im-scheckkartenformat-mit-den-4-schritten-und-gefuehlen-2\/"]}]},{"@type":"ImageObject","inLanguage":"de","@id":"https:\/\/conexbooks.de\/a\/shop\/produkt\/2-karten-im-scheckkartenformat-mit-den-4-schritten-und-gefuehlen-2\/#primaryimage","url":"https:\/\/conexbooks.de\/a\/shop\/wp-content\/uploads\/2022\/11\/601.png","contentUrl":"https:\/\/conexbooks.de\/a\/shop\/wp-content\/uploads\/2022\/11\/601.png","width":416,"height":400},{"@type":"BreadcrumbList","@id":"https:\/\/conexbooks.de\/a\/shop\/produkt\/2-karten-im-scheckkartenformat-mit-den-4-schritten-und-gefuehlen-2\/#breadcrumb","itemListElement":[{"@type":"ListItem","position":1,"name":"Home","item":"https:\/\/conexbooks.de\/a\/shop\/"},{"@type":"ListItem","position":2,"name":"Shop","item":"https:\/\/conexbooks.de\/a\/shop\/shop\/"},{"@type":"ListItem","position":3,"name":"Quick Cards &#8211; Set mit 4 Karten im Kreditkartenformat"}]},{"@type":"WebSite","@id":"https:\/\/conexbooks.de\/a\/shop\/#website","url":"https:\/\/conexbooks.de\/a\/shop\/","name":"Conex-Shop","description":"Alles f\u00fcr die gewaltfreie Kommunikation: B\u00fccher, Spiele. Handpuppen Seminarmaterial und Geschenke","publisher":{"@id":"https:\/\/conexbooks.de\/a\/shop\/#organization"},"potentialAction":[{"@type":"SearchAction","target":{"@type":"EntryPoint","urlTemplate":"https:\/\/conexbooks.de\/a\/shop\/?s={search_term_string}"},"query-input":{"@type":"PropertyValueSpecification","valueRequired":true,"valueName":"search_term_string"}}],"inLanguage":"de"},{"@type":"Organization","@id":"https:\/\/conexbooks.de\/a\/shop\/#organization","name":"Conex - books and more","url":"https:\/\/conexbooks.de\/a\/shop\/","logo":{"@type":"ImageObject","inLanguage":"de","@id":"https:\/\/conexbooks.de\/a\/shop\/#\/schema\/logo\/image\/","url":"https:\/\/conexbooks.de\/a\/shop\/wp-content\/uploads\/2017\/12\/co-logo.png","contentUrl":"https:\/\/conexbooks.de\/a\/shop\/wp-content\/uploads\/2017\/12\/co-logo.png","width":243,"height":122,"caption":"Conex - books and more"},"image":{"@id":"https:\/\/conexbooks.de\/a\/shop\/#\/schema\/logo\/image\/"}}]}},"_links":{"self":[{"href":"https:\/\/conexbooks.de\/a\/shop\/wp-json\/wp\/v2\/product\/991","targetHints":{"allow":["GET"]}}],"collection":[{"href":"https:\/\/conexbooks.de\/a\/shop\/wp-json\/wp\/v2\/product"}],"about":[{"href":"https:\/\/conexbooks.de\/a\/shop\/wp-json\/wp\/v2\/types\/product"}],"wp:featuredmedia":[{"embeddable":true,"href":"https:\/\/conexbooks.de\/a\/shop\/wp-json\/wp\/v2\/media\/19447"}],"wp:attachment":[{"href":"https:\/\/conexbooks.de\/a\/shop\/wp-json\/wp\/v2\/media?parent=991"}],"wp:term":[{"taxonomy":"product_brand","embeddable":true,"href":"https:\/\/conexbooks.de\/a\/shop\/wp-json\/wp\/v2\/product_brand?post=991"},{"taxonomy":"product_cat","embeddable":true,"href":"https:\/\/conexbooks.de\/a\/shop\/wp-json\/wp\/v2\/product_cat?post=991"},{"taxonomy":"product_tag","embeddable":true,"href":"https:\/\/conexbooks.de\/a\/shop\/wp-json\/wp\/v2\/product_tag?post=991"}],"curies":[{"name":"wp","href":"https:\/\/api.w.org\/{rel}","templated":true}]}}