{"id":993,"date":"2017-11-14T20:10:01","date_gmt":"2017-11-14T19:10:01","guid":{"rendered":"https:\/\/conexbooks.de\/a\/shop\/wp\/produkt\/dvd-vortrag-mit-deutscher-uebersetzung-ca-25-h\/"},"modified":"2024-11-22T15:44:28","modified_gmt":"2024-11-22T14:44:28","slug":"dvd-vortrag-mit-deutscher-uebersetzung-ca-25-h","status":"publish","type":"product","link":"https:\/\/conexbooks.de\/a\/shop\/produkt\/dvd-vortrag-mit-deutscher-uebersetzung-ca-25-h\/","title":{"rendered":"DVD: Worte sind Mauern &#8211; oder auch Fenster (Vortrag &#038; Seminar) Frankfurt 2005"},"content":{"rendered":"<h4>Mittschnitt eines <span style=\"color: #008000;\"><em>Abendvortrages &amp; eines Seminars<\/em><\/span> in Frankfurt im Jahr 2005 mit <strong>Marshall B. Rosenberg<\/strong><\/h4>\n<h4>&#8222;Worte sind Fenster oder sie sind Mauern&#8220; &#8230;<\/h4>\n<p><span class=\"890181617-20022010\"><span style=\"font-family: Arial; font-size: small;\">&#8230; ist urspr\u00fcnglich eine Verszeile aus einem Gedicht von Ruth Bebermayer, einer Mitarbeiterin von Marshall Rosenberg, der das Modell der Gewaltfrein Kommunikation entwickelt hat. Diese Verszeile dr\u00fcckt pr\u00e4gnant und kurz das Wesentliche und das Ziel dieses Modells aus. N\u00e4mlich, die Art und Weise, wie wir miteinander umgehen, welche Worte wir dabei ben\u00fctzen, kann uns entweder zu Harmonie oder Zwietracht f\u00fchren, kann uns verbinden oder trennen. Marshall Rosenberg erkl\u00e4rt in seinem Workshop den Unterschied zwischen einer Kommunikation, die Mauern errichtet und einer solchen, die zwischen den Menschen Fenster \u00f6ffnet. Es geht darum, Gef\u00fchle, Bed\u00fcrfnisse und Bitten auszudr\u00fccken ohne die anderen anzuklagen oder zu kritisieren.<\/span><\/span><\/p>\n<div id='1' class='widgets_on_page wop_tiny1  wop_small1  wop_medium1  wop_large1  wop_wide1'>\n\t\t\t<ul><li id=\"custom_html-4\" class=\"widget_text widget widget_custom_html\"><div class=\"textwidget custom-html-widget\"><div style=\"text-align:left;\">\r\n<button class = \"button\" style=\"height: 30px; font-size: 0.8em;\" name=\"zuruck\" type=\"button\" onclick=\"history.back()\">Zur\u00fcck zur \u00dcbersicht<\/button><\/div><\/div><\/li><\/ul><\/div><!-- widgets_on_page -->\n","protected":false},"excerpt":{"rendered":"<h4>Mittschnitt eines\u00a0<span style=\"color: #008000;\"><em>Abendvortrages &amp; eines Seminars <\/em><\/span>in Frankfurt im Jahr 2005<\/h4>\n<h4><strong>Dr. Marshall B. Rosenberg<\/strong><\/h4>\n<p><span style=\"font-family: Arial, Helvetica, sans-serif;\">(englisch mit deutscher Konsekutiv\u00fcbersetzung<span style=\"font-size: medium;\">)<\/span><\/span><\/p>\n<p><span style=\"font-family: Arial, Helvetica, sans-serif; font-size: medium;\">4 DVDs, L\u00e4nge: ca. 12 h 44 min.<\/span><\/p>\n<p><span style=\"color: #ff0000;\">DVD wird nur auf Anfrage produziert.<\/span><br \/>\n<span style=\"color: #ff0000;\">Lieferzeit: 14 Tage<\/span><br \/>\n<span style=\"color: #ff0000;\">Aktueller Preis kann kann abweichen.<\/span><\/p>\n<p>DVD`s sind vom Umtausch ausgeschlossen.<\/p>\n","protected":false},"featured_media":2174,"template":"","meta":[],"product_brand":[],"product_cat":[49],"product_tag":[],"class_list":{"0":"post-993","1":"product","2":"type-product","3":"status-publish","4":"has-post-thumbnail","6":"product_cat-dvds","8":"first","9":"instock","10":"shipping-taxable","11":"purchasable","12":"product-type-simple"},"yoast_head":"<!-- This site is optimized with the Yoast SEO plugin v27.5 - https:\/\/yoast.com\/product\/yoast-seo-wordpress\/ -->\n<title>DVD: Worte sind Mauern - oder auch Fenster (Vortrag &amp; Seminar) Frankfurt 2005 - Conex-Shop<\/title>\n<meta name=\"robots\" content=\"index, follow, max-snippet:-1, max-image-preview:large, max-video-preview:-1\" \/>\n<link rel=\"canonical\" href=\"https:\/\/conexbooks.de\/a\/shop\/produkt\/dvd-vortrag-mit-deutscher-uebersetzung-ca-25-h\/\" \/>\n<meta property=\"og:locale\" content=\"de_DE\" \/>\n<meta property=\"og:type\" content=\"article\" \/>\n<meta property=\"og:title\" content=\"DVD: Worte sind Mauern - oder auch Fenster (Vortrag &amp; Seminar) Frankfurt 2005 - Conex-Shop\" \/>\n<meta property=\"og:description\" content=\"Mittschnitt eines\u00a0Abendvortrages &amp; eines Seminars in Frankfurt im Jahr 2005 Dr. Marshall B. Rosenberg (englisch mit deutscher Konsekutiv\u00fcbersetzung)  4 DVDs, L\u00e4nge: ca. 12 h 44 min.  DVD wird nur auf Anfrage produziert. Lieferzeit: 14 Tage Aktueller Preis kann kann abweichen.  DVD`s sind vom Umtausch ausgeschlossen.\" \/>\n<meta property=\"og:url\" content=\"https:\/\/conexbooks.de\/a\/shop\/produkt\/dvd-vortrag-mit-deutscher-uebersetzung-ca-25-h\/\" \/>\n<meta property=\"og:site_name\" content=\"Conex-Shop\" \/>\n<meta property=\"article:modified_time\" content=\"2024-11-22T14:44:28+00:00\" \/>\n<meta property=\"og:image\" content=\"https:\/\/conexbooks.de\/a\/shop\/wp-content\/uploads\/2017\/11\/316.png\" \/>\n\t<meta property=\"og:image:width\" content=\"403\" \/>\n\t<meta property=\"og:image:height\" content=\"400\" \/>\n\t<meta property=\"og:image:type\" content=\"image\/png\" \/>\n<meta name=\"twitter:card\" content=\"summary_large_image\" \/>\n<meta name=\"twitter:label1\" content=\"Gesch\u00e4tzte Lesezeit\" \/>\n\t<meta name=\"twitter:data1\" content=\"1\u00a0Minute\" \/>\n<script type=\"application\/ld+json\" class=\"yoast-schema-graph\">{\"@context\":\"https:\\\/\\\/schema.org\",\"@graph\":[{\"@type\":\"WebPage\",\"@id\":\"https:\\\/\\\/conexbooks.de\\\/a\\\/shop\\\/produkt\\\/dvd-vortrag-mit-deutscher-uebersetzung-ca-25-h\\\/\",\"url\":\"https:\\\/\\\/conexbooks.de\\\/a\\\/shop\\\/produkt\\\/dvd-vortrag-mit-deutscher-uebersetzung-ca-25-h\\\/\",\"name\":\"DVD: Worte sind Mauern - oder auch Fenster (Vortrag & Seminar) Frankfurt 2005 - Conex-Shop\",\"isPartOf\":{\"@id\":\"https:\\\/\\\/conexbooks.de\\\/a\\\/shop\\\/#website\"},\"primaryImageOfPage\":{\"@id\":\"https:\\\/\\\/conexbooks.de\\\/a\\\/shop\\\/produkt\\\/dvd-vortrag-mit-deutscher-uebersetzung-ca-25-h\\\/#primaryimage\"},\"image\":{\"@id\":\"https:\\\/\\\/conexbooks.de\\\/a\\\/shop\\\/produkt\\\/dvd-vortrag-mit-deutscher-uebersetzung-ca-25-h\\\/#primaryimage\"},\"thumbnailUrl\":\"https:\\\/\\\/conexbooks.de\\\/a\\\/shop\\\/wp-content\\\/uploads\\\/2017\\\/11\\\/316.png\",\"datePublished\":\"2017-11-14T19:10:01+00:00\",\"dateModified\":\"2024-11-22T14:44:28+00:00\",\"breadcrumb\":{\"@id\":\"https:\\\/\\\/conexbooks.de\\\/a\\\/shop\\\/produkt\\\/dvd-vortrag-mit-deutscher-uebersetzung-ca-25-h\\\/#breadcrumb\"},\"inLanguage\":\"de\",\"potentialAction\":[{\"@type\":\"ReadAction\",\"target\":[\"https:\\\/\\\/conexbooks.de\\\/a\\\/shop\\\/produkt\\\/dvd-vortrag-mit-deutscher-uebersetzung-ca-25-h\\\/\"]}]},{\"@type\":\"ImageObject\",\"inLanguage\":\"de\",\"@id\":\"https:\\\/\\\/conexbooks.de\\\/a\\\/shop\\\/produkt\\\/dvd-vortrag-mit-deutscher-uebersetzung-ca-25-h\\\/#primaryimage\",\"url\":\"https:\\\/\\\/conexbooks.de\\\/a\\\/shop\\\/wp-content\\\/uploads\\\/2017\\\/11\\\/316.png\",\"contentUrl\":\"https:\\\/\\\/conexbooks.de\\\/a\\\/shop\\\/wp-content\\\/uploads\\\/2017\\\/11\\\/316.png\",\"width\":403,\"height\":400},{\"@type\":\"BreadcrumbList\",\"@id\":\"https:\\\/\\\/conexbooks.de\\\/a\\\/shop\\\/produkt\\\/dvd-vortrag-mit-deutscher-uebersetzung-ca-25-h\\\/#breadcrumb\",\"itemListElement\":[{\"@type\":\"ListItem\",\"position\":1,\"name\":\"Home\",\"item\":\"https:\\\/\\\/conexbooks.de\\\/a\\\/shop\\\/\"},{\"@type\":\"ListItem\",\"position\":2,\"name\":\"Shop\",\"item\":\"https:\\\/\\\/conexbooks.de\\\/a\\\/shop\\\/shop\\\/\"},{\"@type\":\"ListItem\",\"position\":3,\"name\":\"DVD: Worte sind Mauern &#8211; oder auch Fenster (Vortrag &#038; Seminar) Frankfurt 2005\"}]},{\"@type\":\"WebSite\",\"@id\":\"https:\\\/\\\/conexbooks.de\\\/a\\\/shop\\\/#website\",\"url\":\"https:\\\/\\\/conexbooks.de\\\/a\\\/shop\\\/\",\"name\":\"Conex-Shop\",\"description\":\"Alles f\u00fcr die gewaltfreie Kommunikation: B\u00fccher, Spiele. Handpuppen Seminarmaterial und Geschenke\",\"publisher\":{\"@id\":\"https:\\\/\\\/conexbooks.de\\\/a\\\/shop\\\/#organization\"},\"potentialAction\":[{\"@type\":\"SearchAction\",\"target\":{\"@type\":\"EntryPoint\",\"urlTemplate\":\"https:\\\/\\\/conexbooks.de\\\/a\\\/shop\\\/?s={search_term_string}\"},\"query-input\":{\"@type\":\"PropertyValueSpecification\",\"valueRequired\":true,\"valueName\":\"search_term_string\"}}],\"inLanguage\":\"de\"},{\"@type\":\"Organization\",\"@id\":\"https:\\\/\\\/conexbooks.de\\\/a\\\/shop\\\/#organization\",\"name\":\"Conex - books and more\",\"url\":\"https:\\\/\\\/conexbooks.de\\\/a\\\/shop\\\/\",\"logo\":{\"@type\":\"ImageObject\",\"inLanguage\":\"de\",\"@id\":\"https:\\\/\\\/conexbooks.de\\\/a\\\/shop\\\/#\\\/schema\\\/logo\\\/image\\\/\",\"url\":\"https:\\\/\\\/conexbooks.de\\\/a\\\/shop\\\/wp-content\\\/uploads\\\/2017\\\/12\\\/co-logo.png\",\"contentUrl\":\"https:\\\/\\\/conexbooks.de\\\/a\\\/shop\\\/wp-content\\\/uploads\\\/2017\\\/12\\\/co-logo.png\",\"width\":243,\"height\":122,\"caption\":\"Conex - books and more\"},\"image\":{\"@id\":\"https:\\\/\\\/conexbooks.de\\\/a\\\/shop\\\/#\\\/schema\\\/logo\\\/image\\\/\"}}]}<\/script>\n<!-- \/ Yoast SEO plugin. -->","yoast_head_json":{"title":"DVD: Worte sind Mauern - oder auch Fenster (Vortrag & Seminar) Frankfurt 2005 - Conex-Shop","robots":{"index":"index","follow":"follow","max-snippet":"max-snippet:-1","max-image-preview":"max-image-preview:large","max-video-preview":"max-video-preview:-1"},"canonical":"https:\/\/conexbooks.de\/a\/shop\/produkt\/dvd-vortrag-mit-deutscher-uebersetzung-ca-25-h\/","og_locale":"de_DE","og_type":"article","og_title":"DVD: Worte sind Mauern - oder auch Fenster (Vortrag & Seminar) Frankfurt 2005 - Conex-Shop","og_description":"Mittschnitt eines\u00a0Abendvortrages &amp; eines Seminars in Frankfurt im Jahr 2005 Dr. Marshall B. Rosenberg (englisch mit deutscher Konsekutiv\u00fcbersetzung)  4 DVDs, L\u00e4nge: ca. 12 h 44 min.  DVD wird nur auf Anfrage produziert. Lieferzeit: 14 Tage Aktueller Preis kann kann abweichen.  DVD`s sind vom Umtausch ausgeschlossen.","og_url":"https:\/\/conexbooks.de\/a\/shop\/produkt\/dvd-vortrag-mit-deutscher-uebersetzung-ca-25-h\/","og_site_name":"Conex-Shop","article_modified_time":"2024-11-22T14:44:28+00:00","og_image":[{"width":403,"height":400,"url":"https:\/\/conexbooks.de\/a\/shop\/wp-content\/uploads\/2017\/11\/316.png","type":"image\/png"}],"twitter_card":"summary_large_image","twitter_misc":{"Gesch\u00e4tzte Lesezeit":"1\u00a0Minute"},"schema":{"@context":"https:\/\/schema.org","@graph":[{"@type":"WebPage","@id":"https:\/\/conexbooks.de\/a\/shop\/produkt\/dvd-vortrag-mit-deutscher-uebersetzung-ca-25-h\/","url":"https:\/\/conexbooks.de\/a\/shop\/produkt\/dvd-vortrag-mit-deutscher-uebersetzung-ca-25-h\/","name":"DVD: Worte sind Mauern - oder auch Fenster (Vortrag & Seminar) Frankfurt 2005 - Conex-Shop","isPartOf":{"@id":"https:\/\/conexbooks.de\/a\/shop\/#website"},"primaryImageOfPage":{"@id":"https:\/\/conexbooks.de\/a\/shop\/produkt\/dvd-vortrag-mit-deutscher-uebersetzung-ca-25-h\/#primaryimage"},"image":{"@id":"https:\/\/conexbooks.de\/a\/shop\/produkt\/dvd-vortrag-mit-deutscher-uebersetzung-ca-25-h\/#primaryimage"},"thumbnailUrl":"https:\/\/conexbooks.de\/a\/shop\/wp-content\/uploads\/2017\/11\/316.png","datePublished":"2017-11-14T19:10:01+00:00","dateModified":"2024-11-22T14:44:28+00:00","breadcrumb":{"@id":"https:\/\/conexbooks.de\/a\/shop\/produkt\/dvd-vortrag-mit-deutscher-uebersetzung-ca-25-h\/#breadcrumb"},"inLanguage":"de","potentialAction":[{"@type":"ReadAction","target":["https:\/\/conexbooks.de\/a\/shop\/produkt\/dvd-vortrag-mit-deutscher-uebersetzung-ca-25-h\/"]}]},{"@type":"ImageObject","inLanguage":"de","@id":"https:\/\/conexbooks.de\/a\/shop\/produkt\/dvd-vortrag-mit-deutscher-uebersetzung-ca-25-h\/#primaryimage","url":"https:\/\/conexbooks.de\/a\/shop\/wp-content\/uploads\/2017\/11\/316.png","contentUrl":"https:\/\/conexbooks.de\/a\/shop\/wp-content\/uploads\/2017\/11\/316.png","width":403,"height":400},{"@type":"BreadcrumbList","@id":"https:\/\/conexbooks.de\/a\/shop\/produkt\/dvd-vortrag-mit-deutscher-uebersetzung-ca-25-h\/#breadcrumb","itemListElement":[{"@type":"ListItem","position":1,"name":"Home","item":"https:\/\/conexbooks.de\/a\/shop\/"},{"@type":"ListItem","position":2,"name":"Shop","item":"https:\/\/conexbooks.de\/a\/shop\/shop\/"},{"@type":"ListItem","position":3,"name":"DVD: Worte sind Mauern &#8211; oder auch Fenster (Vortrag &#038; Seminar) Frankfurt 2005"}]},{"@type":"WebSite","@id":"https:\/\/conexbooks.de\/a\/shop\/#website","url":"https:\/\/conexbooks.de\/a\/shop\/","name":"Conex-Shop","description":"Alles f\u00fcr die gewaltfreie Kommunikation: B\u00fccher, Spiele. Handpuppen Seminarmaterial und Geschenke","publisher":{"@id":"https:\/\/conexbooks.de\/a\/shop\/#organization"},"potentialAction":[{"@type":"SearchAction","target":{"@type":"EntryPoint","urlTemplate":"https:\/\/conexbooks.de\/a\/shop\/?s={search_term_string}"},"query-input":{"@type":"PropertyValueSpecification","valueRequired":true,"valueName":"search_term_string"}}],"inLanguage":"de"},{"@type":"Organization","@id":"https:\/\/conexbooks.de\/a\/shop\/#organization","name":"Conex - books and more","url":"https:\/\/conexbooks.de\/a\/shop\/","logo":{"@type":"ImageObject","inLanguage":"de","@id":"https:\/\/conexbooks.de\/a\/shop\/#\/schema\/logo\/image\/","url":"https:\/\/conexbooks.de\/a\/shop\/wp-content\/uploads\/2017\/12\/co-logo.png","contentUrl":"https:\/\/conexbooks.de\/a\/shop\/wp-content\/uploads\/2017\/12\/co-logo.png","width":243,"height":122,"caption":"Conex - books and more"},"image":{"@id":"https:\/\/conexbooks.de\/a\/shop\/#\/schema\/logo\/image\/"}}]}},"_links":{"self":[{"href":"https:\/\/conexbooks.de\/a\/shop\/wp-json\/wp\/v2\/product\/993","targetHints":{"allow":["GET"]}}],"collection":[{"href":"https:\/\/conexbooks.de\/a\/shop\/wp-json\/wp\/v2\/product"}],"about":[{"href":"https:\/\/conexbooks.de\/a\/shop\/wp-json\/wp\/v2\/types\/product"}],"wp:featuredmedia":[{"embeddable":true,"href":"https:\/\/conexbooks.de\/a\/shop\/wp-json\/wp\/v2\/media\/2174"}],"wp:attachment":[{"href":"https:\/\/conexbooks.de\/a\/shop\/wp-json\/wp\/v2\/media?parent=993"}],"wp:term":[{"taxonomy":"product_brand","embeddable":true,"href":"https:\/\/conexbooks.de\/a\/shop\/wp-json\/wp\/v2\/product_brand?post=993"},{"taxonomy":"product_cat","embeddable":true,"href":"https:\/\/conexbooks.de\/a\/shop\/wp-json\/wp\/v2\/product_cat?post=993"},{"taxonomy":"product_tag","embeddable":true,"href":"https:\/\/conexbooks.de\/a\/shop\/wp-json\/wp\/v2\/product_tag?post=993"}],"curies":[{"name":"wp","href":"https:\/\/api.w.org\/{rel}","templated":true}]}}